{"id":11,"date":"2023-01-10T14:36:41","date_gmt":"2023-01-10T13:36:41","guid":{"rendered":"https:\/\/preprod.riadlecalife.com\/fr\/?page_id=11"},"modified":"2023-07-27T17:35:58","modified_gmt":"2023-07-27T15:35:58","slug":"chambres-et-suites","status":"publish","type":"page","link":"https:\/\/riadlecalife.com\/fr\/chambres-et-suites\/","title":{"rendered":"Chambre et Suites"},"content":{"rendered":"<div class=\"language\">\n  <a class=\"lang\" href=\"\/rooms-and-suites\/\">EN<\/a><br \/>\n  <a class=\"lang\" href=\"\/fr\/chambres-et-suites\/\">FR<\/a>\n<\/div>\n<div style=\"margin: 0 auto 28px; display: flex; justify-content: center;\"><a style=\"font-family: 'Bungee Shade'; font-size: 20px; color: white; border: solid 4px white; border-style: double!important; line-height: 3; padding: 0 12px; text-decoration: none;\" href=\"\/fr\/nos-offres\/;\">Nos offres!<\/a><\/div>\n<div id=\"slider\" class=\"intro\">\n<ul class=\"slides\">\n<li class=\"mySlides slide-4\">\n<div class=\"text-block\" style=\"width: 100%!important;\">\n<h1 class=\"slide-title desktop\" > Chambres &#038; Suites<\/h1>\n<h2 class=\"slide-title mobile\" > Chambres<br \/> &#038; <br \/>Suites<\/h2>\n<hr style=\"border: 1px solid rgb(255, 255, 255); width: 10%; margin-left: auto; margin-right: auto;\">\n<p style=\"font-size: 36px; font-family: 'roboto slab'; font-weight: 400; letter-spacing: .05rem; text-transform: uppercase;\"><span style=\"font-size: 28px;\">Riad <\/span><br \/>\nLe Calife<\/p>\n<\/p><\/div>\n<\/li>\n<\/ul>\n<\/div>\n<div class=\"fist-cont contain\" style=\"display:block; max-width: 800px!important;\">\n<h2 class=\"first-tittle\">D\u00e9couvrez nos chambres<\/h2>\n<p style=\"margin-bottom: 1em; text-align: center; color: #AF8636;\">Venez parcourir l&rsquo;univers du Calife et succomber au confort et au charme des prestigieuses Chambres et Suites. Vous trouverez dans chacune d\u2019entre elles tout le confort et le bien \u00eatre qu\u2019il vous faut.<\/p>\n<h6 style=\"color: #fff; text-align: center;\"> \u275dSuivez vos r\u00eaves, ils connaissent le chemin\u2026\u275e<\/h6>\n<\/div>\n<div class=\"container-2\">\n<div id=\"slider\" class=\"carts\">\n<div class=\"height\">\n<div class=\"cart cart-1\">\n      <a href=\"\/fr\/suite-diamant\/\" style=\"text-decoration: none!important;\"><img decoding=\"async\" class=\"image\" src=\"https:\/\/riadlecalife.com\/wp-content\/uploads\/2023\/01\/room-block-diament.webp\" alt=\"Suite Diamant Riad le Calife\"><\/a><\/p>\n<div class=\"content\">\n<div class=\"title-cart\">\n<h4 class=\"tittle\">Suite Diamant<\/h4>\n<p><span class=\"small\">A partir de 190\u20ac par nuit<\/span><\/p>\n<div class=\"surface\"><img decoding=\"async\" style=\"margin: -5px 7px 0 0;\" src=\"https:\/\/riadlecalife.com\/wp-content\/uploads\/2023\/02\/ico_room.webp\" alt=\"Superficie Riad le Calife\"><\/p>\n<p>56 m\u00b2<\/p>\n<\/div><\/div>\n<p class=\"description\">V\u00e9ritable signature du Calife la suite Diamant offre une vue imprenable sur tout le patio. D&rsquo;une &#8230;<\/p>\n<\/p><\/div>\n<div class=\"buttons content\">\n        <a href=\"\/fr\/suite-diamant\/\" class=\"details butxt\">D\u00e9tails<\/a><br \/>\n        <a href=\"https:\/\/direct-book.com\/properties\/riadlecalifedirect?locale=en&#038;items[0][adults]=2&#038;items[0][children]=0&#038;items[0][infants]=0&#038;currency=MAD&#038;checkInDate=2023-01-17&#038;checkOutDate=2023-01-18&#038;trackPage=yes\" target=\"_blank\" rel=\"noopener noreferrer\" class=\"reserv butxt\">R\u00e9server<\/a>\n      <\/div>\n<\/p><\/div>\n<\/div>\n<div class=\"height\">\n<div class=\"cart cart-2\">\n      <a href=\"\/fr\/suite-emeraude\/\" style=\"text-decoration: none!important;\"><img decoding=\"async\" class=\"image\" src=\"https:\/\/riadlecalife.com\/wp-content\/uploads\/2023\/01\/room-block-emeraude.webp\" alt=\"Suite Emeraude Riad le Calife\"><\/a><\/p>\n<div class=\"content\">\n<div class=\"title-cart\">\n<h4 class=\"tittle\">Suite Emeraude<\/h4>\n<p><span class=\"small\">A partir de 160\u20ac par nuit<\/span><\/p>\n<div class=\"surface\"><img decoding=\"async\" style=\"margin: -5px 7px 0 0;\" src=\"https:\/\/riadlecalife.com\/wp-content\/uploads\/2023\/02\/ico_room.webp\" alt=\"Superficie Riad le Calife\"><\/p>\n<p>36 m\u00b2<\/p>\n<\/div><\/div>\n<p class=\"description\">La Suite Emeraude, d&rsquo;une superficie de 36 m\u00b2, est spacieuse, confortable et offre une vue sur le &#8230;<\/p>\n<\/p><\/div>\n<div class=\"buttons content\">\n        <a href=\"\/fr\/suite-emeraude\/\" class=\"details butxt\">D\u00e9tails<\/a><br \/>\n        <a href=\"https:\/\/direct-book.com\/properties\/riadlecalifedirect?locale=en&#038;items[0][adults]=2&#038;items[0][children]=0&#038;items[0][infants]=0&#038;currency=MAD&#038;checkInDate=2023-01-17&#038;checkOutDate=2023-01-18&#038;trackPage=yes\" target=\"_blank\" rel=\"noopener noreferrer\" class=\"reserv butxt\">R\u00e9server<\/a>\n      <\/div>\n<\/p><\/div>\n<\/p><\/div>\n<div class=\"height\">\n<div class=\"cart cart-3\" style=\"margin-right: 0;\">\n      <a href=\"\/fr\/suite-rubis\/\" style=\"text-decoration: none!important;\"><img decoding=\"async\" class=\"image\" src=\"https:\/\/riadlecalife.com\/wp-content\/uploads\/2023\/01\/room-block-rubis.webp\" alt=\"Suite Rubis Riad le Calife\"><\/a><\/p>\n<div class=\"content\">\n<div class=\"title-cart\">\n<h4 class=\"tittle\">Suite Rubis<\/h4>\n<p><span class=\"small\">A partir de 150\u20ac par nuit<\/span><\/p>\n<div class=\"surface\"><img decoding=\"async\" style=\"margin: -5px 7px 0 0;\" src=\"https:\/\/riadlecalife.com\/wp-content\/uploads\/2023\/02\/ico_room.webp\" alt=\"Superficie Riad le Calife\"><\/p>\n<p>38 m\u00b2<\/p>\n<\/div><\/div>\n<p class=\"description\">La Suite Rubis, d&rsquo;une superficie de 38 m\u00b2, est spacieuse et confortable. Elle dispose d&rsquo;un coin&#8230;<\/p>\n<\/p><\/div>\n<div class=\"buttons content\">\n        <a href=\"\/fr\/suite-rubis\/\" class=\"details butxt\">D\u00e9tails<\/a><br \/>\n        <a href=\"https:\/\/direct-book.com\/properties\/riadlecalifedirect?locale=en&#038;items[0][adults]=2&#038;items[0][children]=0&#038;items[0][infants]=0&#038;currency=MAD&#038;checkInDate=2023-01-17&#038;checkOutDate=2023-01-18&#038;trackPage=yes\" target=\"_blank\" rel=\"noopener noreferrer\" class=\"reserv butxt\">R\u00e9server<\/a>\n      <\/div>\n<\/p><\/div>\n<\/p><\/div>\n<div class=\"height\">\n<div class=\"cart cart-4\">\n      <a href=\"\/fr\/chambre-amethyste\/\" style=\"text-decoration: none!important;\"><img decoding=\"async\" class=\"image\" src=\"https:\/\/riadlecalife.com\/wp-content\/uploads\/2023\/01\/room-block-amethyste.webp\" alt=\"Chambre Am\u00e9thyste Riad le Calife\"><\/a><\/p>\n<div class=\"content\">\n<div class=\"title-cart\">\n<h4 class=\"tittle\">Chambre Am\u00e9thyste<\/h4>\n<p><span class=\"small\">A partir de 135\u20ac par nuit<\/span><\/p>\n<div class=\"surface\"><img decoding=\"async\" style=\"margin: -5px 7px 0 0;\" src=\"https:\/\/riadlecalife.com\/wp-content\/uploads\/2023\/02\/ico_room.webp\" alt=\"Superficie Riad le Calife\"><\/p>\n<p>32 m\u00b2<\/p>\n<\/div><\/div>\n<p class=\"description\">A partir de 135\u20ac par nuit en occupation simple ou double, petit-d\u00e9jeuner&#8230;<\/p>\n<\/p><\/div>\n<div class=\"buttons content\">\n        <a href=\"\/fr\/chambre-amethyste\/\" class=\"details butxt\">D\u00e9tails<\/a><br \/>\n        <a href=\"https:\/\/direct-book.com\/properties\/riadlecalifedirect?locale=en&#038;items[0][adults]=2&#038;items[0][children]=0&#038;items[0][infants]=0&#038;currency=MAD&#038;checkInDate=2023-01-17&#038;checkOutDate=2023-01-18&#038;trackPage=yes\" target=\"_blank\" rel=\"noopener noreferrer\" class=\"reserv butxt\">R\u00e9server<\/a>\n      <\/div>\n<\/p><\/div>\n<\/p><\/div>\n<div class=\"height\">\n<div class=\"cart cart-5\">\n       <a href=\"\/fr\/chambre-topaze\/\" style=\"text-decoration: none!important;\"><img decoding=\"async\" class=\"image\" src=\"https:\/\/riadlecalife.com\/wp-content\/uploads\/2023\/01\/room-block-topaze.webp\" alt=\"Chambre Topaze Riad le Calife\"><\/a><\/p>\n<div class=\"content\">\n<div class=\"title-cart\">\n<h4 class=\"tittle\">Chambre Topaze<\/h4>\n<p><span class=\"small\">A partir de 110\u20ac par nuit<\/span><\/p>\n<div class=\"surface\"><img decoding=\"async\" style=\"margin: -5px 7px 0 0;\" src=\"https:\/\/riadlecalife.com\/wp-content\/uploads\/2023\/02\/ico_room.webp\" alt=\"Superficie Riad le Calife\"><\/p>\n<p>19 m\u00b2<\/p>\n<\/div><\/div>\n<p class=\"description\">A partir de 110\u20ac par nuit en occupation simple ou double, petit-d\u00e9jeuner&#8230;<\/p>\n<\/p><\/div>\n<div class=\"buttons content\">\n        <a href=\"\/fr\/chambre-topaze\/\" class=\"details butxt\">D\u00e9tails<\/a><br \/>\n        <a href=\"https:\/\/direct-book.com\/properties\/riadlecalifedirect?locale=en&#038;items[0][adults]=2&#038;items[0][children]=0&#038;items[0][infants]=0&#038;currency=MAD&#038;checkInDate=2023-01-17&#038;checkOutDate=2023-01-18&#038;trackPage=yes\" target=\"_blank\" rel=\"noopener noreferrer\" class=\"reserv butxt\">R\u00e9server<\/a>\n      <\/div>\n<\/p><\/div>\n<\/p><\/div>\n<div class=\"height\">\n<div class=\"cart cart-6\" style=\"margin-right: 0;\">\n      <a href=\"\/fr\/chambre-opaline\/\" style=\"text-decoration: none!important;\"><img decoding=\"async\" class=\"image\" src=\"https:\/\/riadlecalife.com\/wp-content\/uploads\/2023\/01\/room-block-opaline.webp\" alt=\"Chambre Opaline Riad le Calife\"><\/a><\/p>\n<div class=\"content\">\n<div class=\"title-cart\">\n<h4 class=\"tittle\">Chambre Opaline<\/h4>\n<p><span class=\"small\">A partir de 120\u20ac par nuit<\/span><\/p>\n<div class=\"surface\"><img decoding=\"async\" style=\"margin: -5px 7px 0 0;\" src=\"https:\/\/riadlecalife.com\/wp-content\/uploads\/2023\/02\/ico_room.webp\" alt=\"Superficie Riad le Calife\"><\/p>\n<p>22 m\u00b2<\/p>\n<\/div><\/div>\n<p class=\"description\">La Chambre Opaline, d&rsquo;une superficie de 22 m\u00b2 est confortable et offre une vue sur &#8230;<\/p>\n<\/p><\/div>\n<div class=\"buttons content\">\n        <a href=\"\/fr\/chambre-opaline\/\" class=\"details butxt\">D\u00e9tails<\/a><br \/>\n        <a href=\"https:\/\/direct-book.com\/properties\/riadlecalifedirect?locale=en&#038;items[0][adults]=2&#038;items[0][children]=0&#038;items[0][infants]=0&#038;currency=MAD&#038;checkInDate=2023-01-17&#038;checkOutDate=2023-01-18&#038;trackPage=yes\" target=\"_blank\" rel=\"noopener noreferrer\" class=\"reserv butxt\">R\u00e9server<\/a>\n      <\/div>\n<\/p><\/div>\n<\/p><\/div>\n<\/p><\/div>\n<div class=\"height height-7\">\n<div class=\"cart cart-7\">\n      <a href=\"\/fr\/chambre-ambre\/\" style=\"text-decoration: none!important;\"><img decoding=\"async\" class=\"image\" src=\"https:\/\/riadlecalife.com\/wp-content\/uploads\/2023\/01\/room-block-ambre.webp\" alt=\"Chambre Ambre Riad le Calife\"><\/a><\/p>\n<div class=\"content\">\n<div class=\"title-cart\">\n<h4 class=\"tittle\">Chambre Ambre<\/h4>\n<p><span class=\"small\">A partir de 110\u20ac par nuit<\/span><\/p>\n<div class=\"surface\"><img decoding=\"async\" style=\"margin: -5px 7px 0 0;\" src=\"https:\/\/riadlecalife.com\/wp-content\/uploads\/2023\/02\/ico_room.webp\" alt=\"Superficie Riad le Calife\"><\/p>\n<p>19 m\u00b2<\/p>\n<\/div><\/div>\n<p class=\"description\">A partir de 110\u20ac par nuit en occupation simple ou double, petit-d\u00e9jeuner&#8230;<\/p>\n<\/p><\/div>\n<div class=\"buttons content\">\n        <a href=\"\/fr\/chambre-ambre\/\" class=\"details butxt\">D\u00e9tails<\/a><br \/>\n        <a href=\"https:\/\/direct-book.com\/properties\/riadlecalifedirect?locale=en&#038;items[0][adults]=2&#038;items[0][children]=0&#038;items[0][infants]=0&#038;currency=MAD&#038;checkInDate=2023-01-17&#038;checkOutDate=2023-01-18&#038;trackPage=yes\" target=\"_blank\" rel=\"noopener noreferrer\" class=\"reserv butxt\">R\u00e9server<\/a>\n      <\/div>\n<\/p><\/div>\n<\/div>\n<\/div>\n","protected":false},"excerpt":{"rendered":"<p>EN FR Nos offres! Chambres &#038; Suites Chambres &#038; Suites Riad Le Calife D\u00e9couvrez nos chambres Venez parcourir l&rsquo;univers du Calife et succomber au confort et au charme des prestigieuses Chambres et Suites. Vous trouverez dans chacune d\u2019entre elles tout le confort et le bien \u00eatre qu\u2019il vous faut. \u275dSuivez vos r\u00eaves, ils connaissent le &hellip;<\/p>\n<p class=\"read-more\"> <a class=\"\" href=\"https:\/\/riadlecalife.com\/fr\/chambres-et-suites\/\"> <span class=\"screen-reader-text\">Chambre et Suites<\/span> Lire la suite\u00a0\u00bb<\/a><\/p>\n","protected":false},"author":2,"featured_media":0,"parent":0,"menu_order":0,"comment_status":"closed","ping_status":"closed","template":"","meta":{"site-sidebar-layout":"default","site-content-layout":"default","ast-global-header-display":"","ast-main-header-display":"","ast-hfb-above-header-display":"","ast-hfb-below-header-display":"","ast-hfb-mobile-header-display":"","site-post-title":"disabled","ast-breadcrumbs-content":"","ast-featured-img":"","footer-sml-layout":"","theme-transparent-header-meta":"default","adv-header-id-meta":"","stick-header-meta":"","header-above-stick-meta":"","header-main-stick-meta":"","header-below-stick-meta":""},"yoast_head":"<!-- This site is optimized with the Yoast SEO plugin v20.12 - https:\/\/yoast.com\/wordpress\/plugins\/seo\/ -->\n<title>D\u00e9couvrez les chambres et suites du Riad Le Calife \u00e0 Fes, Maroc<\/title>\n<meta name=\"description\" content=\"D\u00e9couvrez les chambres et suites du Riad Le Calife \u00e0 Fes, au Maroc. Vous trouverez dans chacune d&#039;entre elles le confort dont vous ...\" \/>\n<meta name=\"robots\" content=\"index, follow, max-snippet:-1, max-image-preview:large, max-video-preview:-1\" \/>\n<link rel=\"canonical\" href=\"https:\/\/riadlecalife.com\/fr\/chambres-et-suites\/\" \/>\n<meta property=\"og:locale\" content=\"fr_FR\" \/>\n<meta property=\"og:type\" content=\"article\" \/>\n<meta property=\"og:title\" content=\"D\u00e9couvrez les chambres et suites du Riad Le Calife \u00e0 Fes, Maroc\" \/>\n<meta property=\"og:description\" content=\"D\u00e9couvrez les chambres et suites du Riad Le Calife \u00e0 Fes, au Maroc. Vous trouverez dans chacune d&#039;entre elles le confort dont vous ...\" \/>\n<meta property=\"og:url\" content=\"https:\/\/riadlecalife.com\/fr\/chambres-et-suites\/\" \/>\n<meta property=\"og:site_name\" content=\"Riad le Calife\" \/>\n<meta property=\"article:modified_time\" content=\"2023-07-27T15:35:58+00:00\" \/>\n<meta property=\"og:image\" content=\"https:\/\/riadlecalife.com\/wp-content\/uploads\/2023\/01\/room-block-diament.webp\" \/>\n<meta name=\"twitter:card\" content=\"summary_large_image\" \/>\n<meta name=\"twitter:label1\" content=\"Dur\u00e9e de lecture estim\u00e9e\" \/>\n\t<meta name=\"twitter:data1\" content=\"5 minutes\" \/>\n<script type=\"application\/ld+json\" class=\"yoast-schema-graph\">{\"@context\":\"https:\/\/schema.org\",\"@graph\":[{\"@type\":\"WebPage\",\"@id\":\"https:\/\/riadlecalife.com\/fr\/chambres-et-suites\/\",\"url\":\"https:\/\/riadlecalife.com\/fr\/chambres-et-suites\/\",\"name\":\"D\u00e9couvrez les chambres et suites du Riad Le Calife \u00e0 Fes, Maroc\",\"isPartOf\":{\"@id\":\"https:\/\/riadlecalife.com\/fr\/#website\"},\"datePublished\":\"2023-01-10T13:36:41+00:00\",\"dateModified\":\"2023-07-27T15:35:58+00:00\",\"description\":\"D\u00e9couvrez les chambres et suites du Riad Le Calife \u00e0 Fes, au Maroc. Vous trouverez dans chacune d'entre elles le confort dont vous ...\",\"breadcrumb\":{\"@id\":\"https:\/\/riadlecalife.com\/fr\/chambres-et-suites\/#breadcrumb\"},\"inLanguage\":\"fr-FR\",\"potentialAction\":[{\"@type\":\"ReadAction\",\"target\":[\"https:\/\/riadlecalife.com\/fr\/chambres-et-suites\/\"]}]},{\"@type\":\"BreadcrumbList\",\"@id\":\"https:\/\/riadlecalife.com\/fr\/chambres-et-suites\/#breadcrumb\",\"itemListElement\":[{\"@type\":\"ListItem\",\"position\":1,\"name\":\"Accueil\",\"item\":\"https:\/\/riadlecalife.com\/fr\/\"},{\"@type\":\"ListItem\",\"position\":2,\"name\":\"Chambre et Suites\"}]},{\"@type\":\"WebSite\",\"@id\":\"https:\/\/riadlecalife.com\/fr\/#website\",\"url\":\"https:\/\/riadlecalife.com\/fr\/\",\"name\":\"Riad le Calife\",\"description\":\"\",\"publisher\":{\"@id\":\"https:\/\/riadlecalife.com\/fr\/#organization\"},\"potentialAction\":[{\"@type\":\"SearchAction\",\"target\":{\"@type\":\"EntryPoint\",\"urlTemplate\":\"https:\/\/riadlecalife.com\/fr\/?s={search_term_string}\"},\"query-input\":\"required name=search_term_string\"}],\"inLanguage\":\"fr-FR\"},{\"@type\":\"Organization\",\"@id\":\"https:\/\/riadlecalife.com\/fr\/#organization\",\"name\":\"Riad le Calife\",\"url\":\"https:\/\/riadlecalife.com\/fr\/\",\"logo\":{\"@type\":\"ImageObject\",\"inLanguage\":\"fr-FR\",\"@id\":\"https:\/\/riadlecalife.com\/fr\/#\/schema\/logo\/image\/\",\"url\":\"https:\/\/riadlecalife.com\/fr\/wp-content\/uploads\/sites\/2\/2023\/01\/cropped-logo-riad-le-calife-1.webp\",\"contentUrl\":\"https:\/\/riadlecalife.com\/fr\/wp-content\/uploads\/sites\/2\/2023\/01\/cropped-logo-riad-le-calife-1.webp\",\"width\":278,\"height\":59,\"caption\":\"Riad le Calife \"},\"image\":{\"@id\":\"https:\/\/riadlecalife.com\/fr\/#\/schema\/logo\/image\/\"}}]}<\/script>\n<!-- \/ Yoast SEO plugin. -->","yoast_head_json":{"title":"D\u00e9couvrez les chambres et suites du Riad Le Calife \u00e0 Fes, Maroc","description":"D\u00e9couvrez les chambres et suites du Riad Le Calife \u00e0 Fes, au Maroc. Vous trouverez dans chacune d'entre elles le confort dont vous ...","robots":{"index":"index","follow":"follow","max-snippet":"max-snippet:-1","max-image-preview":"max-image-preview:large","max-video-preview":"max-video-preview:-1"},"canonical":"https:\/\/riadlecalife.com\/fr\/chambres-et-suites\/","og_locale":"fr_FR","og_type":"article","og_title":"D\u00e9couvrez les chambres et suites du Riad Le Calife \u00e0 Fes, Maroc","og_description":"D\u00e9couvrez les chambres et suites du Riad Le Calife \u00e0 Fes, au Maroc. Vous trouverez dans chacune d'entre elles le confort dont vous ...","og_url":"https:\/\/riadlecalife.com\/fr\/chambres-et-suites\/","og_site_name":"Riad le Calife","article_modified_time":"2023-07-27T15:35:58+00:00","og_image":[{"url":"https:\/\/riadlecalife.com\/wp-content\/uploads\/2023\/01\/room-block-diament.webp"}],"twitter_card":"summary_large_image","twitter_misc":{"Dur\u00e9e de lecture estim\u00e9e":"5 minutes"},"schema":{"@context":"https:\/\/schema.org","@graph":[{"@type":"WebPage","@id":"https:\/\/riadlecalife.com\/fr\/chambres-et-suites\/","url":"https:\/\/riadlecalife.com\/fr\/chambres-et-suites\/","name":"D\u00e9couvrez les chambres et suites du Riad Le Calife \u00e0 Fes, Maroc","isPartOf":{"@id":"https:\/\/riadlecalife.com\/fr\/#website"},"datePublished":"2023-01-10T13:36:41+00:00","dateModified":"2023-07-27T15:35:58+00:00","description":"D\u00e9couvrez les chambres et suites du Riad Le Calife \u00e0 Fes, au Maroc. Vous trouverez dans chacune d'entre elles le confort dont vous ...","breadcrumb":{"@id":"https:\/\/riadlecalife.com\/fr\/chambres-et-suites\/#breadcrumb"},"inLanguage":"fr-FR","potentialAction":[{"@type":"ReadAction","target":["https:\/\/riadlecalife.com\/fr\/chambres-et-suites\/"]}]},{"@type":"BreadcrumbList","@id":"https:\/\/riadlecalife.com\/fr\/chambres-et-suites\/#breadcrumb","itemListElement":[{"@type":"ListItem","position":1,"name":"Accueil","item":"https:\/\/riadlecalife.com\/fr\/"},{"@type":"ListItem","position":2,"name":"Chambre et Suites"}]},{"@type":"WebSite","@id":"https:\/\/riadlecalife.com\/fr\/#website","url":"https:\/\/riadlecalife.com\/fr\/","name":"Riad le Calife","description":"","publisher":{"@id":"https:\/\/riadlecalife.com\/fr\/#organization"},"potentialAction":[{"@type":"SearchAction","target":{"@type":"EntryPoint","urlTemplate":"https:\/\/riadlecalife.com\/fr\/?s={search_term_string}"},"query-input":"required name=search_term_string"}],"inLanguage":"fr-FR"},{"@type":"Organization","@id":"https:\/\/riadlecalife.com\/fr\/#organization","name":"Riad le Calife","url":"https:\/\/riadlecalife.com\/fr\/","logo":{"@type":"ImageObject","inLanguage":"fr-FR","@id":"https:\/\/riadlecalife.com\/fr\/#\/schema\/logo\/image\/","url":"https:\/\/riadlecalife.com\/fr\/wp-content\/uploads\/sites\/2\/2023\/01\/cropped-logo-riad-le-calife-1.webp","contentUrl":"https:\/\/riadlecalife.com\/fr\/wp-content\/uploads\/sites\/2\/2023\/01\/cropped-logo-riad-le-calife-1.webp","width":278,"height":59,"caption":"Riad le Calife "},"image":{"@id":"https:\/\/riadlecalife.com\/fr\/#\/schema\/logo\/image\/"}}]}},"_links":{"self":[{"href":"https:\/\/riadlecalife.com\/fr\/wp-json\/wp\/v2\/pages\/11"}],"collection":[{"href":"https:\/\/riadlecalife.com\/fr\/wp-json\/wp\/v2\/pages"}],"about":[{"href":"https:\/\/riadlecalife.com\/fr\/wp-json\/wp\/v2\/types\/page"}],"author":[{"embeddable":true,"href":"https:\/\/riadlecalife.com\/fr\/wp-json\/wp\/v2\/users\/2"}],"replies":[{"embeddable":true,"href":"https:\/\/riadlecalife.com\/fr\/wp-json\/wp\/v2\/comments?post=11"}],"version-history":[{"count":28,"href":"https:\/\/riadlecalife.com\/fr\/wp-json\/wp\/v2\/pages\/11\/revisions"}],"predecessor-version":[{"id":802,"href":"https:\/\/riadlecalife.com\/fr\/wp-json\/wp\/v2\/pages\/11\/revisions\/802"}],"wp:attachment":[{"href":"https:\/\/riadlecalife.com\/fr\/wp-json\/wp\/v2\/media?parent=11"}],"curies":[{"name":"wp","href":"https:\/\/api.w.org\/{rel}","templated":true}]}}