{"id":13,"date":"2023-01-10T14:37:26","date_gmt":"2023-01-10T13:37:26","guid":{"rendered":"https:\/\/preprod.riadlecalife.com\/fr\/?page_id=13"},"modified":"2023-07-27T16:00:36","modified_gmt":"2023-07-27T14:00:36","slug":"nos-offres","status":"publish","type":"page","link":"https:\/\/riadlecalife.com\/fr\/nos-offres\/","title":{"rendered":"Nos Offres"},"content":{"rendered":"<div class=\"language\" style=\"z-index: 100!important;\">\n  <a class=\"lang\" href=\"\/our-offers\/\">EN<\/a><br \/>\n  <a class=\"lang\" href=\"\/fr\/nos-offres\/\">FR<\/a>\n<\/div>\n<div id=\"slider\" class=\"intro\">\n<ul class=\"slides\">\n<li class=\"mySlides slide-5\">\n<div class=\"text-block\" style=\"width: 100%!important;\">\n<h1 class=\"slide-title\"> Nos Offres<\/h1>\n<hr style=\"border: 1px solid rgb(255, 255, 255); width: 10%; margin-left: auto; margin-right: auto;\">\n<h4 class=\"slide-sub-title\"> Riad Le Calife<\/h4>\n<\/p><\/div>\n<\/li>\n<\/ul>\n<\/div>\n<div class=\"fist-cont contain\" style=\"display:block; max-width: 800px!important;\">\n<h2 class=\"bungee-title\">Offres Sp\u00e9ciales<\/h2>\n<p style=\"margin-bottom: 1em; text-align: center; color: #AF8636;\">Pour un s\u00e9jour exceptionnel r\u00e9ussi, L\u2019H\u00f4tel Riad LE CALIFE vous propose des tarifs pr\u00e9f\u00e9rentiels.<\/p>\n<h6 style=\"color: #fff; text-align: center;\">\u275dProfitez de nos meilleurs tarifs\u275e<\/h6>\n<\/div>\n<div class=\"container-3\">\n<div class=\"carts\">\n<div class=\"cart\">\n<h2 style=\"font-size: 30px; font-weight: 400; font-family: 'Roboto Slab', sans-serif; color: #FFF; text-align: center; letter-spacing: 0.05em; min-height: 45px;\">Offre Voyage Anticip\u00e9<\/h2>\n<div class=\"cart-1\">\n      <img decoding=\"async\" class=\"image\" src=\"https:\/\/riadlecalife.com\/wp-content\/uploads\/2023\/01\/slide-bg.webp\" alt=\"nos Offre Riad le Calife\"><\/p>\n<div class=\"content\">\n<h4 style=\"font-family: 'Bungee Shade';text-align: center; font-size: 32px; color: #af8636; margin:0;\">Good deal<\/h4>\n<div class=\"img\">\n                  <img decoding=\"async\" src=\"https:\/\/riadlecalife.com\/wp-content\/uploads\/2022\/12\/logo_offres.png\" alt=\"nos Offre Riad le Calife\">\n              <\/div>\n<h4 style=\"font-family: 'Bungee Shade';text-align: center; font-size: 32px; color: #af8636; margin:0;\">10%<\/h4>\n<\/p><\/div>\n<\/p><\/div>\n<p style=\"margin: 28px 0;\">Pour toute r\u00e9servation anticip\u00e9e, 30 jours avant votre date d\u2019arriv\u00e9e, b\u00e9n\u00e9ficiez d\u2019une remise de 10% en saisissant le code : <span style=\"color: #AF8636; font-weight: 700;\">GOOD DEAL<\/span><\/p>\n<\/p><\/div>\n<div class=\"cart\">\n<h2 style=\"font-size: 30px; font-weight: 400; font-family: 'Roboto Slab', sans-serif; color: #FFF; text-align: center; letter-spacing: 0.05em; min-height: 45px;\">Offre Come Back<\/h2>\n<div class=\"cart-1\">\n          <img decoding=\"async\" class=\"image\" src=\"https:\/\/riadlecalife.com\/wp-content\/uploads\/2023\/01\/offre-block-1.webp\" alt=\"nos Offre Riad le Calife\"><\/p>\n<div class=\"content\">\n<h4 style=\"font-family: 'Bungee Shade';text-align: center; font-size: 32px; color: #af8636; margin:0;\">Come Back<\/h4>\n<div class=\"img\">\n                      <img decoding=\"async\" src=\"https:\/\/riadlecalife.com\/wp-content\/uploads\/2022\/12\/logo_offres.png\" alt=\"Riad le Calife\">\n                  <\/div>\n<h4 style=\"font-family: 'Bungee Shade';text-align: center; font-size: 32px; color: #af8636; margin:0;\">12%<\/h4>\n<\/p><\/div>\n<\/p><\/div>\n<p style=\"margin: 28px 0;\">Pour nos anciens H\u00f4tes, votre fid\u00e9lit\u00e9 sera honor\u00e9e. Profitez d\u2019une remise de 12% en saisissant le code : <span style=\"color: #AF8636; font-weight: 700;\">COME BACK<\/span><\/p>\n<\/p><\/div>\n<div class=\"cart\">\n<h2 style=\"font-size: 30px; font-weight: 400; font-family: 'Roboto Slab', sans-serif; color: #FFF; text-align: center; letter-spacing: 0.05em; min-height: 45px;\">Offre T\u00e9l\u00e9phone Arabe<\/h2>\n<div class=\"cart-1\">\n              <img decoding=\"async\" class=\"image\" src=\"https:\/\/riadlecalife.com\/wp-content\/uploads\/2023\/01\/offre-block-2.webp\" alt=\"nos Offre Riad le Calife\"><\/p>\n<div class=\"content\">\n<h4 style=\"font-family: 'Bungee Shade';text-align: center; font-size: 32px; color: #af8636; margin:0;\">Good Friends<\/h4>\n<div class=\"img\">\n                          <img decoding=\"async\" src=\"https:\/\/riadlecalife.com\/wp-content\/uploads\/2022\/12\/logo_offres.png\" alt=\"Riad le Calife\">\n                      <\/div>\n<h4 style=\"font-family: 'Bungee Shade';text-align: center; font-size: 32px; color: #af8636; margin:0;\">10%<\/h4>\n<\/p><\/div>\n<\/p><\/div>\n<p style=\"margin: 28px 0;\">Riad Le Calife vous a \u00e9t\u00e9 recommand\u00e9. Pr\u00e9cisez-nous le nom de cette personne et b\u00e9n\u00e9ficiez d&rsquo;une remise de 10% en saisissant le code : <span style=\"color: #AF8636; font-weight: 700;\">GOOD FRIENDS<\/span><\/p>\n<\/p><\/div>\n<\/p><\/div>\n<\/div>\n<div class=\"fist-cont contain offer-book\" style=\"width:31%;\">\n       <a href=\"https:\/\/direct-book.com\/properties\/riadlecalifedirect?locale=en&#038;items[0][adults]=2&#038;items[0][children]=0&#038;items[0][infants]=0&#038;currency=MAD&#038;checkInDate=2023-06-22&#038;checkOutDate=2023-06-23&#038;trackPage=yes\" target=\"_blank\" class=\"button-1\" style=\"text-align: center;\" rel=\"noopener\">R\u00e9server votre s\u00e9jour<\/a>\n<\/div>\n","protected":false},"excerpt":{"rendered":"<p>EN FR Nos Offres Riad Le Calife Offres Sp\u00e9ciales Pour un s\u00e9jour exceptionnel r\u00e9ussi, L\u2019H\u00f4tel Riad LE CALIFE vous propose des tarifs pr\u00e9f\u00e9rentiels. \u275dProfitez de nos meilleurs tarifs\u275e Offre Voyage Anticip\u00e9 Good deal 10% Pour toute r\u00e9servation anticip\u00e9e, 30 jours avant votre date d\u2019arriv\u00e9e, b\u00e9n\u00e9ficiez d\u2019une remise de 10% en saisissant le code : GOOD &hellip;<\/p>\n<p class=\"read-more\"> <a class=\"\" href=\"https:\/\/riadlecalife.com\/fr\/nos-offres\/\"> <span class=\"screen-reader-text\">Nos Offres<\/span> Lire la suite\u00a0\u00bb<\/a><\/p>\n","protected":false},"author":2,"featured_media":0,"parent":0,"menu_order":0,"comment_status":"closed","ping_status":"closed","template":"","meta":{"site-sidebar-layout":"default","site-content-layout":"default","ast-global-header-display":"","ast-main-header-display":"","ast-hfb-above-header-display":"","ast-hfb-below-header-display":"","ast-hfb-mobile-header-display":"","site-post-title":"disabled","ast-breadcrumbs-content":"","ast-featured-img":"","footer-sml-layout":"","theme-transparent-header-meta":"default","adv-header-id-meta":"","stick-header-meta":"","header-above-stick-meta":"","header-main-stick-meta":"","header-below-stick-meta":""},"yoast_head":"<!-- This site is optimized with the Yoast SEO plugin v20.12 - https:\/\/yoast.com\/wordpress\/plugins\/seo\/ -->\n<title>Nos Offres - Riad le Calife<\/title>\n<meta name=\"description\" content=\"Nos offres : Riad le Calife vous propose les meilleurs tarifs pr\u00e9f\u00e9rentiels pour vous revoir ! Profitez-en en utilisant nos codes promo ..\" \/>\n<meta name=\"robots\" content=\"index, follow, max-snippet:-1, max-image-preview:large, max-video-preview:-1\" \/>\n<link rel=\"canonical\" href=\"https:\/\/riadlecalife.com\/fr\/nos-offres\/\" \/>\n<meta property=\"og:locale\" content=\"fr_FR\" \/>\n<meta property=\"og:type\" content=\"article\" \/>\n<meta property=\"og:title\" content=\"Nos Offres - Riad le Calife\" \/>\n<meta property=\"og:description\" content=\"Nos offres : Riad le Calife vous propose les meilleurs tarifs pr\u00e9f\u00e9rentiels pour vous revoir ! Profitez-en en utilisant nos codes promo ..\" \/>\n<meta property=\"og:url\" content=\"https:\/\/riadlecalife.com\/fr\/nos-offres\/\" \/>\n<meta property=\"og:site_name\" content=\"Riad le Calife\" \/>\n<meta property=\"article:modified_time\" content=\"2023-07-27T14:00:36+00:00\" \/>\n<meta property=\"og:image\" content=\"https:\/\/riadlecalife.com\/wp-content\/uploads\/2023\/01\/slide-bg.webp\" \/>\n<meta name=\"twitter:card\" content=\"summary_large_image\" \/>\n<meta name=\"twitter:label1\" content=\"Dur\u00e9e de lecture estim\u00e9e\" \/>\n\t<meta name=\"twitter:data1\" content=\"2 minutes\" \/>\n<script type=\"application\/ld+json\" class=\"yoast-schema-graph\">{\"@context\":\"https:\/\/schema.org\",\"@graph\":[{\"@type\":\"WebPage\",\"@id\":\"https:\/\/riadlecalife.com\/fr\/nos-offres\/\",\"url\":\"https:\/\/riadlecalife.com\/fr\/nos-offres\/\",\"name\":\"Nos Offres - Riad le Calife\",\"isPartOf\":{\"@id\":\"https:\/\/riadlecalife.com\/fr\/#website\"},\"datePublished\":\"2023-01-10T13:37:26+00:00\",\"dateModified\":\"2023-07-27T14:00:36+00:00\",\"description\":\"Nos offres : Riad le Calife vous propose les meilleurs tarifs pr\u00e9f\u00e9rentiels pour vous revoir ! Profitez-en en utilisant nos codes promo ..\",\"breadcrumb\":{\"@id\":\"https:\/\/riadlecalife.com\/fr\/nos-offres\/#breadcrumb\"},\"inLanguage\":\"fr-FR\",\"potentialAction\":[{\"@type\":\"ReadAction\",\"target\":[\"https:\/\/riadlecalife.com\/fr\/nos-offres\/\"]}]},{\"@type\":\"BreadcrumbList\",\"@id\":\"https:\/\/riadlecalife.com\/fr\/nos-offres\/#breadcrumb\",\"itemListElement\":[{\"@type\":\"ListItem\",\"position\":1,\"name\":\"Accueil\",\"item\":\"https:\/\/riadlecalife.com\/fr\/\"},{\"@type\":\"ListItem\",\"position\":2,\"name\":\"Nos Offres\"}]},{\"@type\":\"WebSite\",\"@id\":\"https:\/\/riadlecalife.com\/fr\/#website\",\"url\":\"https:\/\/riadlecalife.com\/fr\/\",\"name\":\"Riad le Calife\",\"description\":\"\",\"publisher\":{\"@id\":\"https:\/\/riadlecalife.com\/fr\/#organization\"},\"potentialAction\":[{\"@type\":\"SearchAction\",\"target\":{\"@type\":\"EntryPoint\",\"urlTemplate\":\"https:\/\/riadlecalife.com\/fr\/?s={search_term_string}\"},\"query-input\":\"required name=search_term_string\"}],\"inLanguage\":\"fr-FR\"},{\"@type\":\"Organization\",\"@id\":\"https:\/\/riadlecalife.com\/fr\/#organization\",\"name\":\"Riad le Calife\",\"url\":\"https:\/\/riadlecalife.com\/fr\/\",\"logo\":{\"@type\":\"ImageObject\",\"inLanguage\":\"fr-FR\",\"@id\":\"https:\/\/riadlecalife.com\/fr\/#\/schema\/logo\/image\/\",\"url\":\"https:\/\/riadlecalife.com\/fr\/wp-content\/uploads\/sites\/2\/2023\/01\/cropped-logo-riad-le-calife-1.webp\",\"contentUrl\":\"https:\/\/riadlecalife.com\/fr\/wp-content\/uploads\/sites\/2\/2023\/01\/cropped-logo-riad-le-calife-1.webp\",\"width\":278,\"height\":59,\"caption\":\"Riad le Calife \"},\"image\":{\"@id\":\"https:\/\/riadlecalife.com\/fr\/#\/schema\/logo\/image\/\"}}]}<\/script>\n<!-- \/ Yoast SEO plugin. -->","yoast_head_json":{"title":"Nos Offres - Riad le Calife","description":"Nos offres : Riad le Calife vous propose les meilleurs tarifs pr\u00e9f\u00e9rentiels pour vous revoir ! Profitez-en en utilisant nos codes promo ..","robots":{"index":"index","follow":"follow","max-snippet":"max-snippet:-1","max-image-preview":"max-image-preview:large","max-video-preview":"max-video-preview:-1"},"canonical":"https:\/\/riadlecalife.com\/fr\/nos-offres\/","og_locale":"fr_FR","og_type":"article","og_title":"Nos Offres - Riad le Calife","og_description":"Nos offres : Riad le Calife vous propose les meilleurs tarifs pr\u00e9f\u00e9rentiels pour vous revoir ! Profitez-en en utilisant nos codes promo ..","og_url":"https:\/\/riadlecalife.com\/fr\/nos-offres\/","og_site_name":"Riad le Calife","article_modified_time":"2023-07-27T14:00:36+00:00","og_image":[{"url":"https:\/\/riadlecalife.com\/wp-content\/uploads\/2023\/01\/slide-bg.webp"}],"twitter_card":"summary_large_image","twitter_misc":{"Dur\u00e9e de lecture estim\u00e9e":"2 minutes"},"schema":{"@context":"https:\/\/schema.org","@graph":[{"@type":"WebPage","@id":"https:\/\/riadlecalife.com\/fr\/nos-offres\/","url":"https:\/\/riadlecalife.com\/fr\/nos-offres\/","name":"Nos Offres - Riad le Calife","isPartOf":{"@id":"https:\/\/riadlecalife.com\/fr\/#website"},"datePublished":"2023-01-10T13:37:26+00:00","dateModified":"2023-07-27T14:00:36+00:00","description":"Nos offres : Riad le Calife vous propose les meilleurs tarifs pr\u00e9f\u00e9rentiels pour vous revoir ! Profitez-en en utilisant nos codes promo ..","breadcrumb":{"@id":"https:\/\/riadlecalife.com\/fr\/nos-offres\/#breadcrumb"},"inLanguage":"fr-FR","potentialAction":[{"@type":"ReadAction","target":["https:\/\/riadlecalife.com\/fr\/nos-offres\/"]}]},{"@type":"BreadcrumbList","@id":"https:\/\/riadlecalife.com\/fr\/nos-offres\/#breadcrumb","itemListElement":[{"@type":"ListItem","position":1,"name":"Accueil","item":"https:\/\/riadlecalife.com\/fr\/"},{"@type":"ListItem","position":2,"name":"Nos Offres"}]},{"@type":"WebSite","@id":"https:\/\/riadlecalife.com\/fr\/#website","url":"https:\/\/riadlecalife.com\/fr\/","name":"Riad le Calife","description":"","publisher":{"@id":"https:\/\/riadlecalife.com\/fr\/#organization"},"potentialAction":[{"@type":"SearchAction","target":{"@type":"EntryPoint","urlTemplate":"https:\/\/riadlecalife.com\/fr\/?s={search_term_string}"},"query-input":"required name=search_term_string"}],"inLanguage":"fr-FR"},{"@type":"Organization","@id":"https:\/\/riadlecalife.com\/fr\/#organization","name":"Riad le Calife","url":"https:\/\/riadlecalife.com\/fr\/","logo":{"@type":"ImageObject","inLanguage":"fr-FR","@id":"https:\/\/riadlecalife.com\/fr\/#\/schema\/logo\/image\/","url":"https:\/\/riadlecalife.com\/fr\/wp-content\/uploads\/sites\/2\/2023\/01\/cropped-logo-riad-le-calife-1.webp","contentUrl":"https:\/\/riadlecalife.com\/fr\/wp-content\/uploads\/sites\/2\/2023\/01\/cropped-logo-riad-le-calife-1.webp","width":278,"height":59,"caption":"Riad le Calife "},"image":{"@id":"https:\/\/riadlecalife.com\/fr\/#\/schema\/logo\/image\/"}}]}},"_links":{"self":[{"href":"https:\/\/riadlecalife.com\/fr\/wp-json\/wp\/v2\/pages\/13"}],"collection":[{"href":"https:\/\/riadlecalife.com\/fr\/wp-json\/wp\/v2\/pages"}],"about":[{"href":"https:\/\/riadlecalife.com\/fr\/wp-json\/wp\/v2\/types\/page"}],"author":[{"embeddable":true,"href":"https:\/\/riadlecalife.com\/fr\/wp-json\/wp\/v2\/users\/2"}],"replies":[{"embeddable":true,"href":"https:\/\/riadlecalife.com\/fr\/wp-json\/wp\/v2\/comments?post=13"}],"version-history":[{"count":23,"href":"https:\/\/riadlecalife.com\/fr\/wp-json\/wp\/v2\/pages\/13\/revisions"}],"predecessor-version":[{"id":776,"href":"https:\/\/riadlecalife.com\/fr\/wp-json\/wp\/v2\/pages\/13\/revisions\/776"}],"wp:attachment":[{"href":"https:\/\/riadlecalife.com\/fr\/wp-json\/wp\/v2\/media?parent=13"}],"curies":[{"name":"wp","href":"https:\/\/api.w.org\/{rel}","templated":true}]}}