{"id":15,"date":"2023-01-10T14:37:56","date_gmt":"2023-01-10T13:37:56","guid":{"rendered":"https:\/\/preprod.riadlecalife.com\/fr\/?page_id=15"},"modified":"2023-07-27T16:06:52","modified_gmt":"2023-07-27T14:06:52","slug":"restaurant-bar","status":"publish","type":"page","link":"https:\/\/riadlecalife.com\/fr\/restaurant-bar\/","title":{"rendered":"Restaurant Bar"},"content":{"rendered":"<div class=\"language\">\n  <a class=\"lang\" href=\"\/restaurant-bar\/\">EN<\/a><br \/>\n  <a class=\"lang\" href=\"\/fr\/restaurant-bar\/\">FR<\/a>\n<\/div>\n<div id=\"slider\" class=\"intro\">\n<ul class=\"slides\">\n<li class=\"mySlides slide-6\" >\n<div class=\"text-block\" style=\"width: 80%!important; margin: auto;\">\n<h1 class=\"slide-title desktop\"> Restaurant &#038; Bar<\/h1>\n<h2 class=\"slide-title mobile\" style=\"margin-top: -104px;\"> Restaurant <br \/>&#038; <br \/>Bar<\/h2>\n<hr style=\"border: 1px solid rgb(255, 255, 255); width: 10%; margin-left: auto; margin-right: auto;\">\n<p style=\"font-size: 36px; font-family: 'roboto slab'; font-weight: 400; letter-spacing: .05rem; text-transform: uppercase;\"><span style=\"font-size: 28px;\">Riad <\/span><br \/>\nLe Calife<\/p>\n<\/p><\/div>\n<\/li>\n<\/ul>\n<\/div>\n<div class=\"fist-cont contain\" style=\"display:block; max-width: 1195px!important;\">\n<h2 class=\"first-tittle desktop\">Restaurant et Bar le Calife<\/h2>\n<h2 class=\"first-tittle mobile\">Restaurant <br \/>&#038;<br \/> Bar le Calife<\/h2>\n<p style=\"margin-bottom: 1em; text-align: center; color: #AF8636;\">Venez d\u00e9couvrir les saveurs d\u2019un autre monde dans un cadre authentique et raffin\u00e9 d\u2019o\u00f9 vous pourrez profiter d\u2019une vue imprenable sur toute la M\u00e9dina de F\u00e8s.<br \/>\n    Laissez-vous tenter par une d\u00e9licieuse collation dans une atmosph\u00e8re chaleureuse et singuli\u00e8re.<\/p>\n<h6 style=\"color: #fff; text-align : center;\"> \u275dUn v\u00e9ritable voyage gustatif vous attend&#8230;\u275e<\/h6>\n<\/div>\n<div class=\"bar-container\">\n<div class=\"bar\" style=\"background-image: url(https:\/\/riadlecalife.com\/wp-content\/uploads\/2023\/01\/slide-bg-1.webp);\">\n<div class=\"box\">\n<h2 style=\"text-align: center;\">Le Bar<\/h2>\n<p style=\"text-align: center;\">Le Bar vous attend dans un d\u00e9cor feutr\u00e9 \u00e0 l&rsquo;ambiance jazzy.<\/p>\n<p style=\"text-align: center;\">Un d\u00e9licieux parfum d\u2019orient o\u00f9 l\u2019aventure et la po\u00e9sie se rencontrent&#8230;<\/p>\n<div class=\"halfwidth\" style=\" margin: 56px auto;\"><a href=\"\/fr\/bar-terrasse\/\" class=\"reserv-bar\">D\u00e9couvrir<\/a><\/div>\n<\/p><\/div>\n<\/div>\n<div class=\"bar noleft\" style=\"background-image: url(https:\/\/riadlecalife.com\/wp-content\/uploads\/2023\/01\/slide-bg-2.webp); margin-left: 25px;\">\n<div class=\"box\">\n<h2 style=\"text-align: center;\">Le Restaurant<\/h2>\n<p style=\"text-align: center;\">Un repaire d&rsquo;hospitalit\u00e9 et promoteur de la gastronomie fassie.<\/p>\n<p style=\"text-align: center;\">\u275dIl n\u2019y a pas de bonne cuisine, si au d\u00e9part, elle n\u2019est pas faite par amour pour ceux \u00e0 qui elle est destin\u00e9e.\u275e<span style=\"font-size: 16px; font-style: italic; font-weight: 400; color: white;\">Paul Bocuse<\/span><\/p>\n<div class=\"halfwidth\" style=\"margin: 56px auto; display: flex; justify-content: center;\"><a  href=\"\/fr\/restaurant-les-lanternes-de-fez\/\" class=\"reserv-bar\">D\u00e9couvrir<\/a><\/div>\n<\/p><\/div>\n<\/div>\n<\/div>\n","protected":false},"excerpt":{"rendered":"<p>EN FR Restaurant &#038; Bar Restaurant &#038; Bar Riad Le Calife Restaurant et Bar le Calife Restaurant &#038; Bar le Calife Venez d\u00e9couvrir les saveurs d\u2019un autre monde dans un cadre authentique et raffin\u00e9 d\u2019o\u00f9 vous pourrez profiter d\u2019une vue imprenable sur toute la M\u00e9dina de F\u00e8s. Laissez-vous tenter par une d\u00e9licieuse collation dans une &hellip;<\/p>\n<p class=\"read-more\"> <a class=\"\" href=\"https:\/\/riadlecalife.com\/fr\/restaurant-bar\/\"> <span class=\"screen-reader-text\">Restaurant Bar<\/span> Lire la suite\u00a0\u00bb<\/a><\/p>\n","protected":false},"author":2,"featured_media":0,"parent":0,"menu_order":0,"comment_status":"closed","ping_status":"closed","template":"","meta":{"site-sidebar-layout":"default","site-content-layout":"default","ast-global-header-display":"","ast-main-header-display":"","ast-hfb-above-header-display":"","ast-hfb-below-header-display":"","ast-hfb-mobile-header-display":"","site-post-title":"disabled","ast-breadcrumbs-content":"","ast-featured-img":"","footer-sml-layout":"","theme-transparent-header-meta":"default","adv-header-id-meta":"","stick-header-meta":"","header-above-stick-meta":"","header-main-stick-meta":"","header-below-stick-meta":""},"yoast_head":"<!-- This site is optimized with the Yoast SEO plugin v20.12 - https:\/\/yoast.com\/wordpress\/plugins\/seo\/ -->\n<title>Restaurant et Bar - Riad le Calife Hotel Fes<\/title>\n<meta name=\"description\" content=\"Le restaurant et bar du Riad le Calife sont les meilleurs endroits pour d\u00e9guster des repas tout en admirant la vue sur la m\u00e9dina de F\u00e8s.\" \/>\n<meta name=\"robots\" content=\"index, follow, max-snippet:-1, max-image-preview:large, max-video-preview:-1\" \/>\n<link rel=\"canonical\" href=\"https:\/\/riadlecalife.com\/fr\/restaurant-bar\/\" \/>\n<meta property=\"og:locale\" content=\"fr_FR\" \/>\n<meta property=\"og:type\" content=\"article\" \/>\n<meta property=\"og:title\" content=\"Restaurant et Bar - Riad le Calife Hotel Fes\" \/>\n<meta property=\"og:description\" content=\"Le restaurant et bar du Riad le Calife sont les meilleurs endroits pour d\u00e9guster des repas tout en admirant la vue sur la m\u00e9dina de F\u00e8s.\" \/>\n<meta property=\"og:url\" content=\"https:\/\/riadlecalife.com\/fr\/restaurant-bar\/\" \/>\n<meta property=\"og:site_name\" content=\"Riad le Calife\" \/>\n<meta property=\"article:modified_time\" content=\"2023-07-27T14:06:52+00:00\" \/>\n<meta name=\"twitter:card\" content=\"summary_large_image\" \/>\n<meta name=\"twitter:label1\" content=\"Dur\u00e9e de lecture estim\u00e9e\" \/>\n\t<meta name=\"twitter:data1\" content=\"1 minute\" \/>\n<script type=\"application\/ld+json\" class=\"yoast-schema-graph\">{\"@context\":\"https:\/\/schema.org\",\"@graph\":[{\"@type\":\"WebPage\",\"@id\":\"https:\/\/riadlecalife.com\/fr\/restaurant-bar\/\",\"url\":\"https:\/\/riadlecalife.com\/fr\/restaurant-bar\/\",\"name\":\"Restaurant et Bar - Riad le Calife Hotel Fes\",\"isPartOf\":{\"@id\":\"https:\/\/riadlecalife.com\/fr\/#website\"},\"datePublished\":\"2023-01-10T13:37:56+00:00\",\"dateModified\":\"2023-07-27T14:06:52+00:00\",\"description\":\"Le restaurant et bar du Riad le Calife sont les meilleurs endroits pour d\u00e9guster des repas tout en admirant la vue sur la m\u00e9dina de F\u00e8s.\",\"breadcrumb\":{\"@id\":\"https:\/\/riadlecalife.com\/fr\/restaurant-bar\/#breadcrumb\"},\"inLanguage\":\"fr-FR\",\"potentialAction\":[{\"@type\":\"ReadAction\",\"target\":[\"https:\/\/riadlecalife.com\/fr\/restaurant-bar\/\"]}]},{\"@type\":\"BreadcrumbList\",\"@id\":\"https:\/\/riadlecalife.com\/fr\/restaurant-bar\/#breadcrumb\",\"itemListElement\":[{\"@type\":\"ListItem\",\"position\":1,\"name\":\"Accueil\",\"item\":\"https:\/\/riadlecalife.com\/fr\/\"},{\"@type\":\"ListItem\",\"position\":2,\"name\":\"Restaurant Bar\"}]},{\"@type\":\"WebSite\",\"@id\":\"https:\/\/riadlecalife.com\/fr\/#website\",\"url\":\"https:\/\/riadlecalife.com\/fr\/\",\"name\":\"Riad le Calife\",\"description\":\"\",\"publisher\":{\"@id\":\"https:\/\/riadlecalife.com\/fr\/#organization\"},\"potentialAction\":[{\"@type\":\"SearchAction\",\"target\":{\"@type\":\"EntryPoint\",\"urlTemplate\":\"https:\/\/riadlecalife.com\/fr\/?s={search_term_string}\"},\"query-input\":\"required name=search_term_string\"}],\"inLanguage\":\"fr-FR\"},{\"@type\":\"Organization\",\"@id\":\"https:\/\/riadlecalife.com\/fr\/#organization\",\"name\":\"Riad le Calife\",\"url\":\"https:\/\/riadlecalife.com\/fr\/\",\"logo\":{\"@type\":\"ImageObject\",\"inLanguage\":\"fr-FR\",\"@id\":\"https:\/\/riadlecalife.com\/fr\/#\/schema\/logo\/image\/\",\"url\":\"https:\/\/riadlecalife.com\/fr\/wp-content\/uploads\/sites\/2\/2023\/01\/cropped-logo-riad-le-calife-1.webp\",\"contentUrl\":\"https:\/\/riadlecalife.com\/fr\/wp-content\/uploads\/sites\/2\/2023\/01\/cropped-logo-riad-le-calife-1.webp\",\"width\":278,\"height\":59,\"caption\":\"Riad le Calife \"},\"image\":{\"@id\":\"https:\/\/riadlecalife.com\/fr\/#\/schema\/logo\/image\/\"}}]}<\/script>\n<!-- \/ Yoast SEO plugin. -->","yoast_head_json":{"title":"Restaurant et Bar - Riad le Calife Hotel Fes","description":"Le restaurant et bar du Riad le Calife sont les meilleurs endroits pour d\u00e9guster des repas tout en admirant la vue sur la m\u00e9dina de F\u00e8s.","robots":{"index":"index","follow":"follow","max-snippet":"max-snippet:-1","max-image-preview":"max-image-preview:large","max-video-preview":"max-video-preview:-1"},"canonical":"https:\/\/riadlecalife.com\/fr\/restaurant-bar\/","og_locale":"fr_FR","og_type":"article","og_title":"Restaurant et Bar - Riad le Calife Hotel Fes","og_description":"Le restaurant et bar du Riad le Calife sont les meilleurs endroits pour d\u00e9guster des repas tout en admirant la vue sur la m\u00e9dina de F\u00e8s.","og_url":"https:\/\/riadlecalife.com\/fr\/restaurant-bar\/","og_site_name":"Riad le Calife","article_modified_time":"2023-07-27T14:06:52+00:00","twitter_card":"summary_large_image","twitter_misc":{"Dur\u00e9e de lecture estim\u00e9e":"1 minute"},"schema":{"@context":"https:\/\/schema.org","@graph":[{"@type":"WebPage","@id":"https:\/\/riadlecalife.com\/fr\/restaurant-bar\/","url":"https:\/\/riadlecalife.com\/fr\/restaurant-bar\/","name":"Restaurant et Bar - Riad le Calife Hotel Fes","isPartOf":{"@id":"https:\/\/riadlecalife.com\/fr\/#website"},"datePublished":"2023-01-10T13:37:56+00:00","dateModified":"2023-07-27T14:06:52+00:00","description":"Le restaurant et bar du Riad le Calife sont les meilleurs endroits pour d\u00e9guster des repas tout en admirant la vue sur la m\u00e9dina de F\u00e8s.","breadcrumb":{"@id":"https:\/\/riadlecalife.com\/fr\/restaurant-bar\/#breadcrumb"},"inLanguage":"fr-FR","potentialAction":[{"@type":"ReadAction","target":["https:\/\/riadlecalife.com\/fr\/restaurant-bar\/"]}]},{"@type":"BreadcrumbList","@id":"https:\/\/riadlecalife.com\/fr\/restaurant-bar\/#breadcrumb","itemListElement":[{"@type":"ListItem","position":1,"name":"Accueil","item":"https:\/\/riadlecalife.com\/fr\/"},{"@type":"ListItem","position":2,"name":"Restaurant Bar"}]},{"@type":"WebSite","@id":"https:\/\/riadlecalife.com\/fr\/#website","url":"https:\/\/riadlecalife.com\/fr\/","name":"Riad le Calife","description":"","publisher":{"@id":"https:\/\/riadlecalife.com\/fr\/#organization"},"potentialAction":[{"@type":"SearchAction","target":{"@type":"EntryPoint","urlTemplate":"https:\/\/riadlecalife.com\/fr\/?s={search_term_string}"},"query-input":"required name=search_term_string"}],"inLanguage":"fr-FR"},{"@type":"Organization","@id":"https:\/\/riadlecalife.com\/fr\/#organization","name":"Riad le Calife","url":"https:\/\/riadlecalife.com\/fr\/","logo":{"@type":"ImageObject","inLanguage":"fr-FR","@id":"https:\/\/riadlecalife.com\/fr\/#\/schema\/logo\/image\/","url":"https:\/\/riadlecalife.com\/fr\/wp-content\/uploads\/sites\/2\/2023\/01\/cropped-logo-riad-le-calife-1.webp","contentUrl":"https:\/\/riadlecalife.com\/fr\/wp-content\/uploads\/sites\/2\/2023\/01\/cropped-logo-riad-le-calife-1.webp","width":278,"height":59,"caption":"Riad le Calife "},"image":{"@id":"https:\/\/riadlecalife.com\/fr\/#\/schema\/logo\/image\/"}}]}},"_links":{"self":[{"href":"https:\/\/riadlecalife.com\/fr\/wp-json\/wp\/v2\/pages\/15"}],"collection":[{"href":"https:\/\/riadlecalife.com\/fr\/wp-json\/wp\/v2\/pages"}],"about":[{"href":"https:\/\/riadlecalife.com\/fr\/wp-json\/wp\/v2\/types\/page"}],"author":[{"embeddable":true,"href":"https:\/\/riadlecalife.com\/fr\/wp-json\/wp\/v2\/users\/2"}],"replies":[{"embeddable":true,"href":"https:\/\/riadlecalife.com\/fr\/wp-json\/wp\/v2\/comments?post=15"}],"version-history":[{"count":31,"href":"https:\/\/riadlecalife.com\/fr\/wp-json\/wp\/v2\/pages\/15\/revisions"}],"predecessor-version":[{"id":779,"href":"https:\/\/riadlecalife.com\/fr\/wp-json\/wp\/v2\/pages\/15\/revisions\/779"}],"wp:attachment":[{"href":"https:\/\/riadlecalife.com\/fr\/wp-json\/wp\/v2\/media?parent=15"}],"curies":[{"name":"wp","href":"https:\/\/api.w.org\/{rel}","templated":true}]}}