{"id":17,"date":"2023-01-10T14:38:31","date_gmt":"2023-01-10T13:38:31","guid":{"rendered":"https:\/\/preprod.riadlecalife.com\/fr\/?page_id=17"},"modified":"2023-07-27T16:11:35","modified_gmt":"2023-07-27T14:11:35","slug":"prestations-services","status":"publish","type":"page","link":"https:\/\/riadlecalife.com\/fr\/prestations-services\/","title":{"rendered":"Prestations Services"},"content":{"rendered":"<div class=\"language\">\n  <a class=\"lang\" href=\"\/leisure-services\/\">EN<\/a><br \/>\n  <a class=\"lang\" href=\"\/fr\/prestations-services\/\">FR<\/a>\n<\/div>\n<div id=\"slider\" class=\"intro\">\n<ul class=\"slides\">\n<li class=\"mySlides slide-7\">\n<div class=\"text-block\" style=\"width: 100%!important;\">\n<h1 class=\"slide-title desktop\" > Prestations &#038; Services<\/h1>\n<h2 class=\"slide-title mobile\" > Prestations<br \/> &#038;<br \/> Services<\/h2>\n<hr style=\"border: 1px solid rgb(255, 255, 255); width: 10%; margin-left: auto; margin-right: auto;\">\n<p style=\"font-size: 36px; font-family: 'roboto slab'; font-weight: 400; letter-spacing: .05rem; text-transform: uppercase;\"><span style=\"font-size: 28px;\">Riad <\/span><br \/>\nLe Calife<\/p>\n<\/p><\/div>\n<\/li>\n<\/ul>\n<\/div>\n<div class=\"fist-cont contain\" style=\"display:block; max-width: 1274px!important\">\n<h2 class=\"first-tittle\">Prestations &#038; Services<\/h2>\n<p style=\"margin-bottom: 1em; text-align: center; color: #AF8636; \">Durant votre s\u00e9jour, tout le personnel se tiendra \u00e0 votre enti\u00e8re disposition pour vous servir et r\u00e9pondre \u00e0 toutes vos exigences en respectant au mieux votre confort et votre intimit\u00e9.<br \/>\n    Afin de parfaire et optimiser votre s\u00e9jour \u00e0 Fez, Riad Le Calife vous propose de vous organiser de nombreuses activit\u00e9s (culturelles, sportives, de loisirs\u2026).<\/p>\n<h6 style=\"color: #fff; text-align: center;\"> \u275dEt il n&rsquo;est rien de plus beau que l&rsquo;instant qui pr\u00e9c\u00e8de le voyage, l&rsquo;instant o\u00f9 l&rsquo;horizon de demain vient nous rendre visite et nous dire ses promesses\u275e <span style=\"font-size: 16px; font-style: italic; font-weight: 400; color: white;\">Milan Kundera<\/span><\/h6>\n<\/div>\n<div class=\"container-4\">\n<div class=\"carts\">\n<div class=\"flip-box cart\" >\n<div class=\"flip-box-inner\">\n<div class=\"flip-box-front front-1\">\n<h2 class=\"front-text\" style=\"left: 23%;\">Transferts<\/h2>\n<p><a class=\"click click-mobile\">><\/a>\n          <\/div>\n<div class=\"flip-box-back back-1\">\n<p class=\"back-text\">Pour simplifier votre arriv\u00e9e et vous accompagner dans votre voyage, une prise en charge \u00e0 l&rsquo;A\u00e9roport International F\u00e8s Sa\u00efss ou \u00e0 la Gare de F\u00e8s vous est propos\u00e9e.<br \/>\n              Nous pouvons \u00e9galement organiser pour vous un transfert \u00e0 partir ou vers une autre ville du Royaume.<\/p>\n<p>                <a style=\"color: white;\" href=\"\/fr\/contact\/\">Tarifs : nous consulter<\/a> <a class=\"back\">><\/a>\n          <\/div>\n<\/p><\/div>\n<\/p><\/div>\n<div class=\"flip-box cart\">\n<div class=\"flip-box-inner\">\n<div class=\"flip-box-front front-2\">\n<h2 class=\"front-text\" style=\"left: 28%;\">Visites <br \/>Guid\u00e9es<\/h2>\n<p> <a class=\"click click-small-mobile\">><\/a>\n          <\/div>\n<div class=\"flip-box-back back-2\">\n<p class=\"back-text\">Une immersion compl\u00e8te dans la M\u00e9dina vous attend ! L\u2019\u00e9tablissement propose chaque jour \u00e0 sa client\u00e8le la visite Culturelle, Spirituelle &#038; Artisanale de la M\u00e9dina de F\u00e8s.<br \/>\n              Des guides rigoureusement s\u00e9lectionn\u00e9s vous seront recommand\u00e9s pour mieux vous conduire au travers d&rsquo;innombrables ruelles, \u00e0 la d\u00e9couverte des monuments, des bazars, des \u00e9choppes et \u00e0 la rencontre des Artisans qui fa\u00e7onnent chaque jour cette cit\u00e9e l\u00e9gendaire.<\/p>\n<p> <a style=\"color: white;\" href=\"\/fr\/contact\/\">Tarifs : nous consulter<\/a> <a class=\"back\">><\/a>\n          <\/div>\n<\/p><\/div>\n<\/p><\/div>\n<div class=\"flip-box cart\">\n<div class=\"flip-box-inner\">\n<div class=\"flip-box-front front-3\">\n<h2 class=\"front-text\"style=\"left: 23%;\" >Cours<br \/>de Cuisine<\/h2>\n<p><a class=\"click click-small-mobile\">><\/a>\n          <\/div>\n<div class=\"flip-box-back back-3\">\n<p class=\"back-text\">Riad le Calife vous propose chaque jour des cours de Cuisine afin de d\u00e9couvrir la savoureuse cuisine marocaine et d\u2019apprendre \u00e0 pr\u00e9parer nos recettes traditionnelles.<\/p>\n<p><a  style=\"color: white;\"  href=\"\/fr\/contact\/\">Sur simple r\u00e9servation<\/a> <a class=\"back\">><\/a>\n          <\/div>\n<\/p><\/div>\n<\/p><\/div>\n<div class=\"flip-box cart\">\n<div class=\"flip-box-inner\">\n<div class=\"flip-box-front front-4\">\n<h2 class=\"front-text\" style=\"left: 14%;\">Excursion<br \/>Chefchaouen<\/h2>\n<p> <a class=\"click click-medium-mobile\">><\/a>\n          <\/div>\n<div class=\"flip-box-back back-4\">\n<p class=\"back-text\">Partez \u00e0 la d\u00e9couverte d\u2019une ville myst\u00e9rieuse et remarquable situ\u00e9e dans les montagnes du Rif \u00e0 quelques heures de route de Fez en excursion priv\u00e9e. V\u00e9ritable tr\u00e9sor du Rif, Chefchaouen, \u00e9galement appel\u00e9 Chaouen offre une exp\u00e9rience unique inoubliable. Un v\u00e9ritable Chef d\u2019\u0153uvre visuel vous attend !!!<\/p>\n<p> <a class=\"back\">><\/a>\n          <\/div>\n<\/p><\/div>\n<\/p><\/div>\n<div class=\"flip-box cart\">\n<div class=\"flip-box-inner\">\n<div class=\"flip-box-front front-5\">\n<h2 class=\"front-text\" style=\"left: 23%;\">Excursion <br \/>Mekn\u00e8s<\/h2>\n<p> <a class=\"click click-medium-mobile\">><\/a>\n          <\/div>\n<div class=\"flip-box-back back-5\">\n<p class=\"back-text\">Cette excursion couvre la ville Imp\u00e9riale de Mekn\u00e8s, l\u2019ancienne cit\u00e9e romaine Volubilis nomm\u00e9e jadis Walili et la ville sainte de Moulay Idriss.<\/p>\n<p> <a class=\"back\">><\/a><br \/>\n<a style=\"color: white;\" style=\"margin: -15px 41px;\" href=\"\/fr\/excursion-meknes\/\">D\u00e9couvrir<\/a>\n          <\/div>\n<\/p><\/div>\n<\/p><\/div>\n<div class=\"flip-box cart\">\n<div class=\"flip-box-inner\">\n<div class=\"flip-box-front front-6\">\n<h2 class=\"front-text\" style=\"left: 14%;\">Excursion<br \/>Moyen Atlas<\/h2>\n<p> <a class=\"click click-medium-mobile\">><\/a>\n          <\/div>\n<div class=\"flip-box-back back-6\">\n<p class=\"back-text\">Cette excursion du Moyen Atlas et de ses hauts plateaux offre une parenth\u00e8se enchant\u00e9e dans la campagne Marocaine.<\/p>\n<p> <a style=\"color: white;\" href=\"\/fr\/excursion-moyen-atlas\/\">D\u00e9couvrir<\/a> <a class=\"back\">><\/a>\n          <\/div>\n<\/p><\/div>\n<\/p><\/div>\n<\/p><\/div>\n<\/div>\n","protected":false},"excerpt":{"rendered":"<p>EN FR Prestations &#038; Services Prestations &#038; Services Riad Le Calife Prestations &#038; Services Durant votre s\u00e9jour, tout le personnel se tiendra \u00e0 votre enti\u00e8re disposition pour vous servir et r\u00e9pondre \u00e0 toutes vos exigences en respectant au mieux votre confort et votre intimit\u00e9. Afin de parfaire et optimiser votre s\u00e9jour \u00e0 Fez, Riad Le &hellip;<\/p>\n<p class=\"read-more\"> <a class=\"\" href=\"https:\/\/riadlecalife.com\/fr\/prestations-services\/\"> <span class=\"screen-reader-text\">Prestations Services<\/span> Lire la suite\u00a0\u00bb<\/a><\/p>\n","protected":false},"author":2,"featured_media":0,"parent":0,"menu_order":0,"comment_status":"closed","ping_status":"closed","template":"","meta":{"site-sidebar-layout":"default","site-content-layout":"default","ast-global-header-display":"","ast-main-header-display":"","ast-hfb-above-header-display":"","ast-hfb-below-header-display":"","ast-hfb-mobile-header-display":"","site-post-title":"disabled","ast-breadcrumbs-content":"","ast-featured-img":"","footer-sml-layout":"","theme-transparent-header-meta":"default","adv-header-id-meta":"","stick-header-meta":"","header-above-stick-meta":"","header-main-stick-meta":"","header-below-stick-meta":""},"yoast_head":"<!-- This site is optimized with the Yoast SEO plugin v20.12 - https:\/\/yoast.com\/wordpress\/plugins\/seo\/ -->\n<title>Prestations et Services - Riad le Calife Hotel Fes Medina<\/title>\n<meta name=\"description\" content=\"Nous vous proposons des prestations et des services suppl\u00e9mentaires \u00e0 l&#039;h\u00f4tel Riad le Calife. Vous pouvez b\u00e9n\u00e9ficier de visites guid\u00e9es ...\" \/>\n<meta name=\"robots\" content=\"index, follow, max-snippet:-1, max-image-preview:large, max-video-preview:-1\" \/>\n<link rel=\"canonical\" href=\"https:\/\/riadlecalife.com\/fr\/prestations-services\/\" \/>\n<meta property=\"og:locale\" content=\"fr_FR\" \/>\n<meta property=\"og:type\" content=\"article\" \/>\n<meta property=\"og:title\" content=\"Prestations et Services - Riad le Calife Hotel Fes Medina\" \/>\n<meta property=\"og:description\" content=\"Nous vous proposons des prestations et des services suppl\u00e9mentaires \u00e0 l&#039;h\u00f4tel Riad le Calife. Vous pouvez b\u00e9n\u00e9ficier de visites guid\u00e9es ...\" \/>\n<meta property=\"og:url\" content=\"https:\/\/riadlecalife.com\/fr\/prestations-services\/\" \/>\n<meta property=\"og:site_name\" content=\"Riad le Calife\" \/>\n<meta property=\"article:modified_time\" content=\"2023-07-27T14:11:35+00:00\" \/>\n<meta name=\"twitter:card\" content=\"summary_large_image\" \/>\n<meta name=\"twitter:label1\" content=\"Dur\u00e9e de lecture estim\u00e9e\" \/>\n\t<meta name=\"twitter:data1\" content=\"2 minutes\" \/>\n<script type=\"application\/ld+json\" class=\"yoast-schema-graph\">{\"@context\":\"https:\/\/schema.org\",\"@graph\":[{\"@type\":\"WebPage\",\"@id\":\"https:\/\/riadlecalife.com\/fr\/prestations-services\/\",\"url\":\"https:\/\/riadlecalife.com\/fr\/prestations-services\/\",\"name\":\"Prestations et Services - Riad le Calife Hotel Fes Medina\",\"isPartOf\":{\"@id\":\"https:\/\/riadlecalife.com\/fr\/#website\"},\"datePublished\":\"2023-01-10T13:38:31+00:00\",\"dateModified\":\"2023-07-27T14:11:35+00:00\",\"description\":\"Nous vous proposons des prestations et des services suppl\u00e9mentaires \u00e0 l'h\u00f4tel Riad le Calife. Vous pouvez b\u00e9n\u00e9ficier de visites guid\u00e9es ...\",\"breadcrumb\":{\"@id\":\"https:\/\/riadlecalife.com\/fr\/prestations-services\/#breadcrumb\"},\"inLanguage\":\"fr-FR\",\"potentialAction\":[{\"@type\":\"ReadAction\",\"target\":[\"https:\/\/riadlecalife.com\/fr\/prestations-services\/\"]}]},{\"@type\":\"BreadcrumbList\",\"@id\":\"https:\/\/riadlecalife.com\/fr\/prestations-services\/#breadcrumb\",\"itemListElement\":[{\"@type\":\"ListItem\",\"position\":1,\"name\":\"Accueil\",\"item\":\"https:\/\/riadlecalife.com\/fr\/\"},{\"@type\":\"ListItem\",\"position\":2,\"name\":\"Prestations Services\"}]},{\"@type\":\"WebSite\",\"@id\":\"https:\/\/riadlecalife.com\/fr\/#website\",\"url\":\"https:\/\/riadlecalife.com\/fr\/\",\"name\":\"Riad le Calife\",\"description\":\"\",\"publisher\":{\"@id\":\"https:\/\/riadlecalife.com\/fr\/#organization\"},\"potentialAction\":[{\"@type\":\"SearchAction\",\"target\":{\"@type\":\"EntryPoint\",\"urlTemplate\":\"https:\/\/riadlecalife.com\/fr\/?s={search_term_string}\"},\"query-input\":\"required name=search_term_string\"}],\"inLanguage\":\"fr-FR\"},{\"@type\":\"Organization\",\"@id\":\"https:\/\/riadlecalife.com\/fr\/#organization\",\"name\":\"Riad le Calife\",\"url\":\"https:\/\/riadlecalife.com\/fr\/\",\"logo\":{\"@type\":\"ImageObject\",\"inLanguage\":\"fr-FR\",\"@id\":\"https:\/\/riadlecalife.com\/fr\/#\/schema\/logo\/image\/\",\"url\":\"https:\/\/riadlecalife.com\/fr\/wp-content\/uploads\/sites\/2\/2023\/01\/cropped-logo-riad-le-calife-1.webp\",\"contentUrl\":\"https:\/\/riadlecalife.com\/fr\/wp-content\/uploads\/sites\/2\/2023\/01\/cropped-logo-riad-le-calife-1.webp\",\"width\":278,\"height\":59,\"caption\":\"Riad le Calife \"},\"image\":{\"@id\":\"https:\/\/riadlecalife.com\/fr\/#\/schema\/logo\/image\/\"}}]}<\/script>\n<!-- \/ Yoast SEO plugin. -->","yoast_head_json":{"title":"Prestations et Services - Riad le Calife Hotel Fes Medina","description":"Nous vous proposons des prestations et des services suppl\u00e9mentaires \u00e0 l'h\u00f4tel Riad le Calife. Vous pouvez b\u00e9n\u00e9ficier de visites guid\u00e9es ...","robots":{"index":"index","follow":"follow","max-snippet":"max-snippet:-1","max-image-preview":"max-image-preview:large","max-video-preview":"max-video-preview:-1"},"canonical":"https:\/\/riadlecalife.com\/fr\/prestations-services\/","og_locale":"fr_FR","og_type":"article","og_title":"Prestations et Services - Riad le Calife Hotel Fes Medina","og_description":"Nous vous proposons des prestations et des services suppl\u00e9mentaires \u00e0 l'h\u00f4tel Riad le Calife. Vous pouvez b\u00e9n\u00e9ficier de visites guid\u00e9es ...","og_url":"https:\/\/riadlecalife.com\/fr\/prestations-services\/","og_site_name":"Riad le Calife","article_modified_time":"2023-07-27T14:11:35+00:00","twitter_card":"summary_large_image","twitter_misc":{"Dur\u00e9e de lecture estim\u00e9e":"2 minutes"},"schema":{"@context":"https:\/\/schema.org","@graph":[{"@type":"WebPage","@id":"https:\/\/riadlecalife.com\/fr\/prestations-services\/","url":"https:\/\/riadlecalife.com\/fr\/prestations-services\/","name":"Prestations et Services - Riad le Calife Hotel Fes Medina","isPartOf":{"@id":"https:\/\/riadlecalife.com\/fr\/#website"},"datePublished":"2023-01-10T13:38:31+00:00","dateModified":"2023-07-27T14:11:35+00:00","description":"Nous vous proposons des prestations et des services suppl\u00e9mentaires \u00e0 l'h\u00f4tel Riad le Calife. Vous pouvez b\u00e9n\u00e9ficier de visites guid\u00e9es ...","breadcrumb":{"@id":"https:\/\/riadlecalife.com\/fr\/prestations-services\/#breadcrumb"},"inLanguage":"fr-FR","potentialAction":[{"@type":"ReadAction","target":["https:\/\/riadlecalife.com\/fr\/prestations-services\/"]}]},{"@type":"BreadcrumbList","@id":"https:\/\/riadlecalife.com\/fr\/prestations-services\/#breadcrumb","itemListElement":[{"@type":"ListItem","position":1,"name":"Accueil","item":"https:\/\/riadlecalife.com\/fr\/"},{"@type":"ListItem","position":2,"name":"Prestations Services"}]},{"@type":"WebSite","@id":"https:\/\/riadlecalife.com\/fr\/#website","url":"https:\/\/riadlecalife.com\/fr\/","name":"Riad le Calife","description":"","publisher":{"@id":"https:\/\/riadlecalife.com\/fr\/#organization"},"potentialAction":[{"@type":"SearchAction","target":{"@type":"EntryPoint","urlTemplate":"https:\/\/riadlecalife.com\/fr\/?s={search_term_string}"},"query-input":"required name=search_term_string"}],"inLanguage":"fr-FR"},{"@type":"Organization","@id":"https:\/\/riadlecalife.com\/fr\/#organization","name":"Riad le Calife","url":"https:\/\/riadlecalife.com\/fr\/","logo":{"@type":"ImageObject","inLanguage":"fr-FR","@id":"https:\/\/riadlecalife.com\/fr\/#\/schema\/logo\/image\/","url":"https:\/\/riadlecalife.com\/fr\/wp-content\/uploads\/sites\/2\/2023\/01\/cropped-logo-riad-le-calife-1.webp","contentUrl":"https:\/\/riadlecalife.com\/fr\/wp-content\/uploads\/sites\/2\/2023\/01\/cropped-logo-riad-le-calife-1.webp","width":278,"height":59,"caption":"Riad le Calife "},"image":{"@id":"https:\/\/riadlecalife.com\/fr\/#\/schema\/logo\/image\/"}}]}},"_links":{"self":[{"href":"https:\/\/riadlecalife.com\/fr\/wp-json\/wp\/v2\/pages\/17"}],"collection":[{"href":"https:\/\/riadlecalife.com\/fr\/wp-json\/wp\/v2\/pages"}],"about":[{"href":"https:\/\/riadlecalife.com\/fr\/wp-json\/wp\/v2\/types\/page"}],"author":[{"embeddable":true,"href":"https:\/\/riadlecalife.com\/fr\/wp-json\/wp\/v2\/users\/2"}],"replies":[{"embeddable":true,"href":"https:\/\/riadlecalife.com\/fr\/wp-json\/wp\/v2\/comments?post=17"}],"version-history":[{"count":38,"href":"https:\/\/riadlecalife.com\/fr\/wp-json\/wp\/v2\/pages\/17\/revisions"}],"predecessor-version":[{"id":766,"href":"https:\/\/riadlecalife.com\/fr\/wp-json\/wp\/v2\/pages\/17\/revisions\/766"}],"wp:attachment":[{"href":"https:\/\/riadlecalife.com\/fr\/wp-json\/wp\/v2\/media?parent=17"}],"curies":[{"name":"wp","href":"https:\/\/api.w.org\/{rel}","templated":true}]}}