{"id":207,"date":"2023-01-10T16:43:16","date_gmt":"2023-01-10T15:43:16","guid":{"rendered":"https:\/\/preprod.riadlecalife.com\/fr\/?page_id=207"},"modified":"2023-10-09T11:00:07","modified_gmt":"2023-10-09T09:00:07","slug":"bar-terrasse","status":"publish","type":"page","link":"https:\/\/riadlecalife.com\/fr\/restaurant-bar\/bar-terrasse\/","title":{"rendered":"Bar Terrasse"},"content":{"rendered":"<div class=\"language\">\n  <a class=\"lang\" href=\"\/bar-terrace\/\">EN<\/a><br \/>\n  <a class=\"lang\" href=\"\/fr\/bar-terrasse\/\">FR<\/a>\n<\/div>\n<div class=\"fist-cont contain\" style=\"display:block; max-width: 800px!important;\">\n<h1 class=\"bungee-title\">Le Calife Bar<\/h1>\n<\/div>\n<div class=\"container contain\" style=\"display:flex; align-items: center; max-width: 1310px!important;\">\n<div class=\"sub-1\">\n<p class=\"text\" style=\"margin-bottom: 28px; color: #AF8636;\">Le bar vous attend dans un d\u00e9cor feutr\u00e9 o\u00f9 le jazz envahi ce lieu chaleureux.<br \/>\n      M\u00e9lange subtil d\u2019Art Africain et d\u2019objets Antiques.<\/p>\n<p class=\"text\" style=\"margin-bottom: 28px; \">Ici : th\u00e9s, jus de fruits fra\u00eechement press\u00e9s, citronnade maison et boissons alcoolis\u00e9es sont \u00e0 l&rsquo;honneur&#8230;<\/p>\n<p class=\"text\" style=\"margin-bottom: 28px;\">Une restauration snacking traditionnelle vous sera \u00e9galement propos\u00e9e (briouats, pastillas, mlaouis farcis, club sandwich&#8230;)<\/p>\n<\/p><\/div>\n<div class=\"sub-2\" style=\"width: 45%;\">\n    <img decoding=\"async\" class=\"side-img\" src=\"https:\/\/riadlecalife.com\/wp-content\/uploads\/2023\/06\/le-bar.webp\" alt=\"Bar Riad le Calife\">\n    <\/div>\n<\/p><\/div>\n<div class=\"fist-cont contain\" style=\"display:block; max-width: 800px!important;\">\n<h2 class=\"bungee-title\">Le Calife Terrasse<\/h2>\n<\/div>\n<div class=\"container contain\" style=\"display:flex; align-items: center; max-width: 1310px!important;\">\n<div class=\"sub-2\" style=\"width: 45%;\"> <img decoding=\"async\" class=\"side-img\" src=\"https:\/\/riadlecalife.com\/wp-content\/uploads\/2023\/06\/terrasse2-1.webp\" alt=\"Terrasse Riad le Calife\">\n    <\/div>\n<div class=\"sub-1\" style=\"margin-left: 20px;\">\n<p class=\"text\" style=\"margin-bottom: 28px; color: #AF8636;\">La terrasse tente offre une vue panoramique exceptionnelle sur toute la M\u00e9dina de F\u00e8s. L\u2019\u00e9vasion est assur\u00e9e &#8230;<\/p>\n<p class=\"text\" style=\"margin-bottom: 28px;\">A toute heure de la journ\u00e9e, venez d\u00e9guster le traditionnel th\u00e9 \u00e0 la menthe accompagn\u00e9 de nos savoureuses p\u00e2tisseries maisons.<\/p>\n<p class=\"text\" style=\"margin-bottom: 28px;\">Une restauration snacking traditionnelle (briouats, pastillas, mlaouis farcis, club sandwich&#8230;) vous sera \u00e9galement propos\u00e9e.<\/p>\n<\/p><\/div>\n<\/p><\/div>\n","protected":false},"excerpt":{"rendered":"<p>EN FR Le Calife Bar Le bar vous attend dans un d\u00e9cor feutr\u00e9 o\u00f9 le jazz envahi ce lieu chaleureux. M\u00e9lange subtil d\u2019Art Africain et d\u2019objets Antiques. Ici : th\u00e9s, jus de fruits fra\u00eechement press\u00e9s, citronnade maison et boissons alcoolis\u00e9es sont \u00e0 l&rsquo;honneur&#8230; Une restauration snacking traditionnelle vous sera \u00e9galement propos\u00e9e (briouats, pastillas, mlaouis farcis, &hellip;<\/p>\n<p class=\"read-more\"> <a class=\"\" href=\"https:\/\/riadlecalife.com\/fr\/restaurant-bar\/bar-terrasse\/\"> <span class=\"screen-reader-text\">Bar Terrasse<\/span> Lire la suite\u00a0\u00bb<\/a><\/p>\n","protected":false},"author":2,"featured_media":0,"parent":15,"menu_order":0,"comment_status":"closed","ping_status":"closed","template":"","meta":{"site-sidebar-layout":"default","site-content-layout":"default","ast-global-header-display":"","ast-main-header-display":"","ast-hfb-above-header-display":"","ast-hfb-below-header-display":"","ast-hfb-mobile-header-display":"","site-post-title":"disabled","ast-breadcrumbs-content":"","ast-featured-img":"","footer-sml-layout":"","theme-transparent-header-meta":"default","adv-header-id-meta":"","stick-header-meta":"","header-above-stick-meta":"","header-main-stick-meta":"","header-below-stick-meta":""},"yoast_head":"<!-- This site is optimized with the Yoast SEO plugin v20.12 - https:\/\/yoast.com\/wordpress\/plugins\/seo\/ -->\n<title>Bar et Terrasse - Riad le Calife<\/title>\n<meta name=\"description\" content=\"Le bar et terrasse de l&#039;h\u00f4tel Riad le Calife sont les meilleurs endroits pour profiter de la magie de F\u00e8s et de la m\u00e9dina et se d\u00e9tendre ...\" \/>\n<meta name=\"robots\" content=\"index, follow, max-snippet:-1, max-image-preview:large, max-video-preview:-1\" \/>\n<link rel=\"canonical\" href=\"https:\/\/riadlecalife.com\/fr\/restaurant-bar\/bar-terrasse\/\" \/>\n<meta property=\"og:locale\" content=\"fr_FR\" \/>\n<meta property=\"og:type\" content=\"article\" \/>\n<meta property=\"og:title\" content=\"Bar et Terrasse - Riad le Calife\" \/>\n<meta property=\"og:description\" content=\"Le bar et terrasse de l&#039;h\u00f4tel Riad le Calife sont les meilleurs endroits pour profiter de la magie de F\u00e8s et de la m\u00e9dina et se d\u00e9tendre ...\" \/>\n<meta property=\"og:url\" content=\"https:\/\/riadlecalife.com\/fr\/restaurant-bar\/bar-terrasse\/\" \/>\n<meta property=\"og:site_name\" content=\"Riad le Calife\" \/>\n<meta property=\"article:modified_time\" content=\"2023-10-09T09:00:07+00:00\" \/>\n<meta property=\"og:image\" content=\"https:\/\/riadlecalife.com\/wp-content\/uploads\/2023\/06\/le-bar.webp\" \/>\n<meta name=\"twitter:card\" content=\"summary_large_image\" \/>\n<meta name=\"twitter:label1\" content=\"Dur\u00e9e de lecture estim\u00e9e\" \/>\n\t<meta name=\"twitter:data1\" content=\"1 minute\" \/>\n<script type=\"application\/ld+json\" class=\"yoast-schema-graph\">{\"@context\":\"https:\/\/schema.org\",\"@graph\":[{\"@type\":\"WebPage\",\"@id\":\"https:\/\/riadlecalife.com\/fr\/restaurant-bar\/bar-terrasse\/\",\"url\":\"https:\/\/riadlecalife.com\/fr\/restaurant-bar\/bar-terrasse\/\",\"name\":\"Bar et Terrasse - Riad le Calife\",\"isPartOf\":{\"@id\":\"https:\/\/riadlecalife.com\/fr\/#website\"},\"datePublished\":\"2023-01-10T15:43:16+00:00\",\"dateModified\":\"2023-10-09T09:00:07+00:00\",\"description\":\"Le bar et terrasse de l'h\u00f4tel Riad le Calife sont les meilleurs endroits pour profiter de la magie de F\u00e8s et de la m\u00e9dina et se d\u00e9tendre ...\",\"breadcrumb\":{\"@id\":\"https:\/\/riadlecalife.com\/fr\/restaurant-bar\/bar-terrasse\/#breadcrumb\"},\"inLanguage\":\"fr-FR\",\"potentialAction\":[{\"@type\":\"ReadAction\",\"target\":[\"https:\/\/riadlecalife.com\/fr\/restaurant-bar\/bar-terrasse\/\"]}]},{\"@type\":\"BreadcrumbList\",\"@id\":\"https:\/\/riadlecalife.com\/fr\/restaurant-bar\/bar-terrasse\/#breadcrumb\",\"itemListElement\":[{\"@type\":\"ListItem\",\"position\":1,\"name\":\"Accueil\",\"item\":\"https:\/\/riadlecalife.com\/fr\/\"},{\"@type\":\"ListItem\",\"position\":2,\"name\":\"Restaurant Bar\",\"item\":\"https:\/\/riadlecalife.com\/fr\/restaurant-bar\/\"},{\"@type\":\"ListItem\",\"position\":3,\"name\":\"Bar Terrasse\"}]},{\"@type\":\"WebSite\",\"@id\":\"https:\/\/riadlecalife.com\/fr\/#website\",\"url\":\"https:\/\/riadlecalife.com\/fr\/\",\"name\":\"Riad le Calife\",\"description\":\"\",\"publisher\":{\"@id\":\"https:\/\/riadlecalife.com\/fr\/#organization\"},\"potentialAction\":[{\"@type\":\"SearchAction\",\"target\":{\"@type\":\"EntryPoint\",\"urlTemplate\":\"https:\/\/riadlecalife.com\/fr\/?s={search_term_string}\"},\"query-input\":\"required name=search_term_string\"}],\"inLanguage\":\"fr-FR\"},{\"@type\":\"Organization\",\"@id\":\"https:\/\/riadlecalife.com\/fr\/#organization\",\"name\":\"Riad le Calife\",\"url\":\"https:\/\/riadlecalife.com\/fr\/\",\"logo\":{\"@type\":\"ImageObject\",\"inLanguage\":\"fr-FR\",\"@id\":\"https:\/\/riadlecalife.com\/fr\/#\/schema\/logo\/image\/\",\"url\":\"https:\/\/riadlecalife.com\/fr\/wp-content\/uploads\/sites\/2\/2023\/01\/cropped-logo-riad-le-calife-1.webp\",\"contentUrl\":\"https:\/\/riadlecalife.com\/fr\/wp-content\/uploads\/sites\/2\/2023\/01\/cropped-logo-riad-le-calife-1.webp\",\"width\":278,\"height\":59,\"caption\":\"Riad le Calife \"},\"image\":{\"@id\":\"https:\/\/riadlecalife.com\/fr\/#\/schema\/logo\/image\/\"}}]}<\/script>\n<!-- \/ Yoast SEO plugin. -->","yoast_head_json":{"title":"Bar et Terrasse - Riad le Calife","description":"Le bar et terrasse de l'h\u00f4tel Riad le Calife sont les meilleurs endroits pour profiter de la magie de F\u00e8s et de la m\u00e9dina et se d\u00e9tendre ...","robots":{"index":"index","follow":"follow","max-snippet":"max-snippet:-1","max-image-preview":"max-image-preview:large","max-video-preview":"max-video-preview:-1"},"canonical":"https:\/\/riadlecalife.com\/fr\/restaurant-bar\/bar-terrasse\/","og_locale":"fr_FR","og_type":"article","og_title":"Bar et Terrasse - Riad le Calife","og_description":"Le bar et terrasse de l'h\u00f4tel Riad le Calife sont les meilleurs endroits pour profiter de la magie de F\u00e8s et de la m\u00e9dina et se d\u00e9tendre ...","og_url":"https:\/\/riadlecalife.com\/fr\/restaurant-bar\/bar-terrasse\/","og_site_name":"Riad le Calife","article_modified_time":"2023-10-09T09:00:07+00:00","og_image":[{"url":"https:\/\/riadlecalife.com\/wp-content\/uploads\/2023\/06\/le-bar.webp"}],"twitter_card":"summary_large_image","twitter_misc":{"Dur\u00e9e de lecture estim\u00e9e":"1 minute"},"schema":{"@context":"https:\/\/schema.org","@graph":[{"@type":"WebPage","@id":"https:\/\/riadlecalife.com\/fr\/restaurant-bar\/bar-terrasse\/","url":"https:\/\/riadlecalife.com\/fr\/restaurant-bar\/bar-terrasse\/","name":"Bar et Terrasse - Riad le Calife","isPartOf":{"@id":"https:\/\/riadlecalife.com\/fr\/#website"},"datePublished":"2023-01-10T15:43:16+00:00","dateModified":"2023-10-09T09:00:07+00:00","description":"Le bar et terrasse de l'h\u00f4tel Riad le Calife sont les meilleurs endroits pour profiter de la magie de F\u00e8s et de la m\u00e9dina et se d\u00e9tendre ...","breadcrumb":{"@id":"https:\/\/riadlecalife.com\/fr\/restaurant-bar\/bar-terrasse\/#breadcrumb"},"inLanguage":"fr-FR","potentialAction":[{"@type":"ReadAction","target":["https:\/\/riadlecalife.com\/fr\/restaurant-bar\/bar-terrasse\/"]}]},{"@type":"BreadcrumbList","@id":"https:\/\/riadlecalife.com\/fr\/restaurant-bar\/bar-terrasse\/#breadcrumb","itemListElement":[{"@type":"ListItem","position":1,"name":"Accueil","item":"https:\/\/riadlecalife.com\/fr\/"},{"@type":"ListItem","position":2,"name":"Restaurant Bar","item":"https:\/\/riadlecalife.com\/fr\/restaurant-bar\/"},{"@type":"ListItem","position":3,"name":"Bar Terrasse"}]},{"@type":"WebSite","@id":"https:\/\/riadlecalife.com\/fr\/#website","url":"https:\/\/riadlecalife.com\/fr\/","name":"Riad le Calife","description":"","publisher":{"@id":"https:\/\/riadlecalife.com\/fr\/#organization"},"potentialAction":[{"@type":"SearchAction","target":{"@type":"EntryPoint","urlTemplate":"https:\/\/riadlecalife.com\/fr\/?s={search_term_string}"},"query-input":"required name=search_term_string"}],"inLanguage":"fr-FR"},{"@type":"Organization","@id":"https:\/\/riadlecalife.com\/fr\/#organization","name":"Riad le Calife","url":"https:\/\/riadlecalife.com\/fr\/","logo":{"@type":"ImageObject","inLanguage":"fr-FR","@id":"https:\/\/riadlecalife.com\/fr\/#\/schema\/logo\/image\/","url":"https:\/\/riadlecalife.com\/fr\/wp-content\/uploads\/sites\/2\/2023\/01\/cropped-logo-riad-le-calife-1.webp","contentUrl":"https:\/\/riadlecalife.com\/fr\/wp-content\/uploads\/sites\/2\/2023\/01\/cropped-logo-riad-le-calife-1.webp","width":278,"height":59,"caption":"Riad le Calife "},"image":{"@id":"https:\/\/riadlecalife.com\/fr\/#\/schema\/logo\/image\/"}}]}},"_links":{"self":[{"href":"https:\/\/riadlecalife.com\/fr\/wp-json\/wp\/v2\/pages\/207"}],"collection":[{"href":"https:\/\/riadlecalife.com\/fr\/wp-json\/wp\/v2\/pages"}],"about":[{"href":"https:\/\/riadlecalife.com\/fr\/wp-json\/wp\/v2\/types\/page"}],"author":[{"embeddable":true,"href":"https:\/\/riadlecalife.com\/fr\/wp-json\/wp\/v2\/users\/2"}],"replies":[{"embeddable":true,"href":"https:\/\/riadlecalife.com\/fr\/wp-json\/wp\/v2\/comments?post=207"}],"version-history":[{"count":12,"href":"https:\/\/riadlecalife.com\/fr\/wp-json\/wp\/v2\/pages\/207\/revisions"}],"predecessor-version":[{"id":793,"href":"https:\/\/riadlecalife.com\/fr\/wp-json\/wp\/v2\/pages\/207\/revisions\/793"}],"up":[{"embeddable":true,"href":"https:\/\/riadlecalife.com\/fr\/wp-json\/wp\/v2\/pages\/15"}],"wp:attachment":[{"href":"https:\/\/riadlecalife.com\/fr\/wp-json\/wp\/v2\/media?parent=207"}],"curies":[{"name":"wp","href":"https:\/\/api.w.org\/{rel}","templated":true}]}}