{"id":209,"date":"2023-01-10T16:44:03","date_gmt":"2023-01-10T15:44:03","guid":{"rendered":"https:\/\/preprod.riadlecalife.com\/fr\/?page_id=209"},"modified":"2023-07-27T18:14:40","modified_gmt":"2023-07-27T16:14:40","slug":"excursion-meknes","status":"publish","type":"page","link":"https:\/\/riadlecalife.com\/fr\/prestations-services\/excursion-meknes\/","title":{"rendered":"Excursion Meknes"},"content":{"rendered":"<div class=\"language\">\n  <a class=\"lang\" href=\"\/excursion-meknes\/\">EN<\/a><br \/>\n  <a class=\"lang\" href=\"\/fr\/excursion-meknes\/\">FR<\/a>\n<\/div>\n<div class=\"fist-cont contain\" style=\"display:block;\">\n<h1 style=\"color: #fff; font-weight: 500; text-align: center;\">Excursion Mekn\u00e8s \u2013 Volubilis &#8211; Moulay Idriss<\/h1>\n<\/div>\n<div class=\"container contain\" style=\"display:flex; align-items: flex-start;\">\n<div class=\"sub-1 meknes-text\" style=\"padding: 0 25px; display: flex; flex-direction: row; flex-wrap: nowrap;\">\n    <i class=\"fa-solid fa-circle-check\" style=\"margin-right: 21px; color: #AF8636;\"><\/i><\/p>\n<p class=\"text\" style=\"font-weight: 400!important; width: 90%;\"> <span><span style=\"color : #AF8636!important; font-weight: 600;\">Mekn\u00e8s <\/span>fut la capitale du Royaume du Maroc sous le r\u00e8gne de Moulay Isma\u00efl (1672-1727). Il fit b\u00e2tir de grands \u00e9difices tels que le palais royal D\u00e2r-al-Makhzen, les \u00e9curies qui accueillaient 1200 chevaux, le grenier Hri Souani et le haras, de nombreuses mosqu\u00e9es, une grande muraille tout autour de la cit\u00e9, des portes monumentales, un grand bassin pour irriguer de beaux jardins, l\u2019immense prison souterraine Kara, le Pavillon des ambassadeurs Koubat Al Khayatine.<\/span><br \/>\n<span style=\"    position: relative; top: 6%;\">Vous pourrez d\u00e9couvrir d\u2019autres monuments int\u00e9ressants : la M\u00e9dersa Bou Inania, le mus\u00e9e Dar Jama\u00ef refl\u00e9tant les arts marocains et la haute bourgeoisie et le mausol\u00e9e de Moulay Isma\u00efl, rare lieu saint ouvert aux non musulmans.<\/span><\/p>\n<\/p><\/div>\n<div class=\"sub-2\" style=\"width: 45%;\">\n    <img decoding=\"async\" class=\"side-img\" src=\"https:\/\/riadlecalife.com\/wp-content\/uploads\/2023\/01\/excursion-meknes.webp\" alt=\"excursion Meknes Riad le Calife\">\n    <\/div>\n<\/p><\/div>\n<div class=\"container contain mobile\">\n<div class=\"sub-1\" style=\"padding: 0 25px; display: flex; flex-direction: row; flex-wrap: nowrap;\">\n   <i class=\"fa-solid fa-circle-check\" style=\"margin-right: 21px; color: #AF8636;\"><\/i> <\/p>\n<p class=\"text\" style=\"font-weight: 400!important; width: 90%;\"><span><span style=\"color : #AF8636!important; font-weight: 600;\">Volubilis <\/span>fut b\u00e2ti sur la ville berb\u00e8re Walili situ\u00e9e sur la plaine du Sa\u00efss, riche en oliviers.<br \/>\nCette ancienne cit\u00e9 romaine, vaste site arch\u00e9ologique d\u2019environ 42 hectares datant du III\u00e8me si\u00e8cle avant JC vivait principalement du commerce de l\u2019huile d\u2019olive.<br \/>\nVous pourrez ainsi voir diff\u00e9rents pressoirs mais \u00e9galement de riche maisons orn\u00e9es de fresques et de belles mosa\u00efques, l\u2019arc de triomphe : Arc de Caracalla, les ruines de la basilique et du temple, les thermes\u2026<\/span><br \/>  <span>Seulement la moiti\u00e9 du site a \u00e9t\u00e9 d\u00e9gag\u00e9e et les fouilles continuent.<\/span><\/p>\n<\/p><\/div>\n<div class=\"sub-2\" style=\"width: 45%;\">\n    <img decoding=\"async\" class=\"side-img\" src=\"https:\/\/riadlecalife.com\/wp-content\/uploads\/2023\/01\/volubilis.webp\" alt=\"excursion Meknes Riad le Calife\">\n    <\/div>\n<\/p><\/div>\n<div class=\"container contain desktop\" style=\"display:flex; align-items: center;\">\n<div class=\"sub-1\"><img decoding=\"async\" class=\"side-img\" src=\"https:\/\/riadlecalife.com\/wp-content\/uploads\/2023\/01\/volubilis.webp\" alt=\"excursion Meknes Riad le Calife\">\n    <\/div>\n<div class=\"sub-2\" style=\"width: 45%; padding: 0 25px!important; display: flex; flex-direction: row; flex-wrap: nowrap;\">\n      <i class=\"fa-solid fa-circle-check\" style=\"margin-right: 21px; color: #AF8636;\"><\/i>  <\/p>\n<p class=\"text\" style=\"font-weight: 400!important; width: 90%;\"><span><span style=\"color : #AF8636!important; font-weight: 600;\">Volubilis <\/span>fut b\u00e2ti sur la ville berb\u00e8re Walili situ\u00e9e sur la plaine du Sa\u00efss, riche en oliviers.<br \/>\nCette ancienne cit\u00e9 romaine, vaste site arch\u00e9ologique d\u2019environ 42 hectares datant du III\u00e8me si\u00e8cle avant JC vivait principalement du commerce de l\u2019huile d\u2019olive.<br \/>\nVous pourrez ainsi voir diff\u00e9rents pressoirs mais \u00e9galement de riche maisons orn\u00e9es de fresques et de belles mosa\u00efques, l\u2019arc de triomphe : Arc de Caracalla, les ruines de la basilique et du temple, les thermes\u2026<\/span><br \/>  <span>Seulement la moiti\u00e9 du site a \u00e9t\u00e9 d\u00e9gag\u00e9e et les fouilles continuent.<\/span><\/p>\n<\/p><\/div>\n<\/p><\/div>\n<div class=\"container contain mlydriss\" style=\"display:flex; align-items: center;\">\n<div class=\"sub-1\" style=\"padding: 0 25px; display: flex; flex-direction: row; flex-wrap: nowrap;\">\n   <i class=\"fa-solid fa-circle-check\" style=\"margin-right: 21px; color: #AF8636;\"><\/i> <\/p>\n<p class=\"text\" style=\"font-weight: 400!important; width: 90%;\"><span style=\"color : #AF8636!important; font-weight: 600;\">Moulay Idriss<\/span> abrite le mausol\u00e9e de Moulay Idriss, 1er roi du Maroc. Ce village saint, construit sur la colline du mont Zehroun, reste un haut lieu de p\u00e8lerinage pour les Marocains. Ses maisons blanches adoss\u00e9es les unes aux autres et entourant le tombeau de Moulay Idriss offrent une ballade pittoresque. En haut du village vous pourrez admirer une vue panoramique sur la plaine et le site de Volubilis.<\/p>\n<\/p><\/div>\n<div class=\"sub-2\" style=\"width: 45%;\">\n    <img decoding=\"async\" class=\"side-img\" src=\"https:\/\/riadlecalife.com\/wp-content\/uploads\/2023\/01\/moulay-driss.webp\" alt=\"excursion Meknes Riad le Calife\">\n    <\/div>\n<\/p><\/div>\n","protected":false},"excerpt":{"rendered":"<p>EN FR Excursion Mekn\u00e8s \u2013 Volubilis &#8211; Moulay Idriss Mekn\u00e8s fut la capitale du Royaume du Maroc sous le r\u00e8gne de Moulay Isma\u00efl (1672-1727). Il fit b\u00e2tir de grands \u00e9difices tels que le palais royal D\u00e2r-al-Makhzen, les \u00e9curies qui accueillaient 1200 chevaux, le grenier Hri Souani et le haras, de nombreuses mosqu\u00e9es, une grande muraille &hellip;<\/p>\n<p class=\"read-more\"> <a class=\"\" href=\"https:\/\/riadlecalife.com\/fr\/prestations-services\/excursion-meknes\/\"> <span class=\"screen-reader-text\">Excursion Meknes<\/span> Lire la suite\u00a0\u00bb<\/a><\/p>\n","protected":false},"author":2,"featured_media":0,"parent":17,"menu_order":0,"comment_status":"closed","ping_status":"closed","template":"","meta":{"site-sidebar-layout":"default","site-content-layout":"default","ast-global-header-display":"","ast-main-header-display":"","ast-hfb-above-header-display":"","ast-hfb-below-header-display":"","ast-hfb-mobile-header-display":"","site-post-title":"disabled","ast-breadcrumbs-content":"","ast-featured-img":"","footer-sml-layout":"","theme-transparent-header-meta":"default","adv-header-id-meta":"","stick-header-meta":"","header-above-stick-meta":"","header-main-stick-meta":"","header-below-stick-meta":""},"yoast_head":"<!-- This site is optimized with the Yoast SEO plugin v20.12 - https:\/\/yoast.com\/wordpress\/plugins\/seo\/ -->\n<title>Excursion Meknes, Volubilis, Moulay Idriss - Riad le Calife<\/title>\n<meta name=\"description\" content=\"L&#039;excursion couvre la ville imp\u00e9riale de Mekn\u00e8s, l&#039;ancienne ville romaine de Volubilis nomm\u00e9e autrefois Walili et la ville sainte de Moulay Idriss.\" \/>\n<meta name=\"robots\" content=\"index, follow, max-snippet:-1, max-image-preview:large, max-video-preview:-1\" \/>\n<link rel=\"canonical\" href=\"https:\/\/riadlecalife.com\/fr\/prestations-services\/excursion-meknes\/\" \/>\n<meta property=\"og:locale\" content=\"fr_FR\" \/>\n<meta property=\"og:type\" content=\"article\" \/>\n<meta property=\"og:title\" content=\"Excursion Meknes, Volubilis, Moulay Idriss - Riad le Calife\" \/>\n<meta property=\"og:description\" content=\"L&#039;excursion couvre la ville imp\u00e9riale de Mekn\u00e8s, l&#039;ancienne ville romaine de Volubilis nomm\u00e9e autrefois Walili et la ville sainte de Moulay Idriss.\" \/>\n<meta property=\"og:url\" content=\"https:\/\/riadlecalife.com\/fr\/prestations-services\/excursion-meknes\/\" \/>\n<meta property=\"og:site_name\" content=\"Riad le Calife\" \/>\n<meta property=\"article:modified_time\" content=\"2023-07-27T16:14:40+00:00\" \/>\n<meta property=\"og:image\" content=\"https:\/\/riadlecalife.com\/wp-content\/uploads\/2023\/01\/excursion-meknes.webp\" \/>\n<meta name=\"twitter:card\" content=\"summary_large_image\" \/>\n<meta name=\"twitter:label1\" content=\"Dur\u00e9e de lecture estim\u00e9e\" \/>\n\t<meta name=\"twitter:data1\" content=\"3 minutes\" \/>\n<script type=\"application\/ld+json\" class=\"yoast-schema-graph\">{\"@context\":\"https:\/\/schema.org\",\"@graph\":[{\"@type\":\"WebPage\",\"@id\":\"https:\/\/riadlecalife.com\/fr\/prestations-services\/excursion-meknes\/\",\"url\":\"https:\/\/riadlecalife.com\/fr\/prestations-services\/excursion-meknes\/\",\"name\":\"Excursion Meknes, Volubilis, Moulay Idriss - Riad le Calife\",\"isPartOf\":{\"@id\":\"https:\/\/riadlecalife.com\/fr\/#website\"},\"datePublished\":\"2023-01-10T15:44:03+00:00\",\"dateModified\":\"2023-07-27T16:14:40+00:00\",\"description\":\"L'excursion couvre la ville imp\u00e9riale de Mekn\u00e8s, l'ancienne ville romaine de Volubilis nomm\u00e9e autrefois Walili et la ville sainte de Moulay Idriss.\",\"breadcrumb\":{\"@id\":\"https:\/\/riadlecalife.com\/fr\/prestations-services\/excursion-meknes\/#breadcrumb\"},\"inLanguage\":\"fr-FR\",\"potentialAction\":[{\"@type\":\"ReadAction\",\"target\":[\"https:\/\/riadlecalife.com\/fr\/prestations-services\/excursion-meknes\/\"]}]},{\"@type\":\"BreadcrumbList\",\"@id\":\"https:\/\/riadlecalife.com\/fr\/prestations-services\/excursion-meknes\/#breadcrumb\",\"itemListElement\":[{\"@type\":\"ListItem\",\"position\":1,\"name\":\"Accueil\",\"item\":\"https:\/\/riadlecalife.com\/fr\/\"},{\"@type\":\"ListItem\",\"position\":2,\"name\":\"Prestations Services\",\"item\":\"https:\/\/riadlecalife.com\/fr\/prestations-services\/\"},{\"@type\":\"ListItem\",\"position\":3,\"name\":\"Excursion Meknes\"}]},{\"@type\":\"WebSite\",\"@id\":\"https:\/\/riadlecalife.com\/fr\/#website\",\"url\":\"https:\/\/riadlecalife.com\/fr\/\",\"name\":\"Riad le Calife\",\"description\":\"\",\"publisher\":{\"@id\":\"https:\/\/riadlecalife.com\/fr\/#organization\"},\"potentialAction\":[{\"@type\":\"SearchAction\",\"target\":{\"@type\":\"EntryPoint\",\"urlTemplate\":\"https:\/\/riadlecalife.com\/fr\/?s={search_term_string}\"},\"query-input\":\"required name=search_term_string\"}],\"inLanguage\":\"fr-FR\"},{\"@type\":\"Organization\",\"@id\":\"https:\/\/riadlecalife.com\/fr\/#organization\",\"name\":\"Riad le Calife\",\"url\":\"https:\/\/riadlecalife.com\/fr\/\",\"logo\":{\"@type\":\"ImageObject\",\"inLanguage\":\"fr-FR\",\"@id\":\"https:\/\/riadlecalife.com\/fr\/#\/schema\/logo\/image\/\",\"url\":\"https:\/\/riadlecalife.com\/fr\/wp-content\/uploads\/sites\/2\/2023\/01\/cropped-logo-riad-le-calife-1.webp\",\"contentUrl\":\"https:\/\/riadlecalife.com\/fr\/wp-content\/uploads\/sites\/2\/2023\/01\/cropped-logo-riad-le-calife-1.webp\",\"width\":278,\"height\":59,\"caption\":\"Riad le Calife \"},\"image\":{\"@id\":\"https:\/\/riadlecalife.com\/fr\/#\/schema\/logo\/image\/\"}}]}<\/script>\n<!-- \/ Yoast SEO plugin. -->","yoast_head_json":{"title":"Excursion Meknes, Volubilis, Moulay Idriss - Riad le Calife","description":"L'excursion couvre la ville imp\u00e9riale de Mekn\u00e8s, l'ancienne ville romaine de Volubilis nomm\u00e9e autrefois Walili et la ville sainte de Moulay Idriss.","robots":{"index":"index","follow":"follow","max-snippet":"max-snippet:-1","max-image-preview":"max-image-preview:large","max-video-preview":"max-video-preview:-1"},"canonical":"https:\/\/riadlecalife.com\/fr\/prestations-services\/excursion-meknes\/","og_locale":"fr_FR","og_type":"article","og_title":"Excursion Meknes, Volubilis, Moulay Idriss - Riad le Calife","og_description":"L'excursion couvre la ville imp\u00e9riale de Mekn\u00e8s, l'ancienne ville romaine de Volubilis nomm\u00e9e autrefois Walili et la ville sainte de Moulay Idriss.","og_url":"https:\/\/riadlecalife.com\/fr\/prestations-services\/excursion-meknes\/","og_site_name":"Riad le Calife","article_modified_time":"2023-07-27T16:14:40+00:00","og_image":[{"url":"https:\/\/riadlecalife.com\/wp-content\/uploads\/2023\/01\/excursion-meknes.webp"}],"twitter_card":"summary_large_image","twitter_misc":{"Dur\u00e9e de lecture estim\u00e9e":"3 minutes"},"schema":{"@context":"https:\/\/schema.org","@graph":[{"@type":"WebPage","@id":"https:\/\/riadlecalife.com\/fr\/prestations-services\/excursion-meknes\/","url":"https:\/\/riadlecalife.com\/fr\/prestations-services\/excursion-meknes\/","name":"Excursion Meknes, Volubilis, Moulay Idriss - Riad le Calife","isPartOf":{"@id":"https:\/\/riadlecalife.com\/fr\/#website"},"datePublished":"2023-01-10T15:44:03+00:00","dateModified":"2023-07-27T16:14:40+00:00","description":"L'excursion couvre la ville imp\u00e9riale de Mekn\u00e8s, l'ancienne ville romaine de Volubilis nomm\u00e9e autrefois Walili et la ville sainte de Moulay Idriss.","breadcrumb":{"@id":"https:\/\/riadlecalife.com\/fr\/prestations-services\/excursion-meknes\/#breadcrumb"},"inLanguage":"fr-FR","potentialAction":[{"@type":"ReadAction","target":["https:\/\/riadlecalife.com\/fr\/prestations-services\/excursion-meknes\/"]}]},{"@type":"BreadcrumbList","@id":"https:\/\/riadlecalife.com\/fr\/prestations-services\/excursion-meknes\/#breadcrumb","itemListElement":[{"@type":"ListItem","position":1,"name":"Accueil","item":"https:\/\/riadlecalife.com\/fr\/"},{"@type":"ListItem","position":2,"name":"Prestations Services","item":"https:\/\/riadlecalife.com\/fr\/prestations-services\/"},{"@type":"ListItem","position":3,"name":"Excursion Meknes"}]},{"@type":"WebSite","@id":"https:\/\/riadlecalife.com\/fr\/#website","url":"https:\/\/riadlecalife.com\/fr\/","name":"Riad le Calife","description":"","publisher":{"@id":"https:\/\/riadlecalife.com\/fr\/#organization"},"potentialAction":[{"@type":"SearchAction","target":{"@type":"EntryPoint","urlTemplate":"https:\/\/riadlecalife.com\/fr\/?s={search_term_string}"},"query-input":"required name=search_term_string"}],"inLanguage":"fr-FR"},{"@type":"Organization","@id":"https:\/\/riadlecalife.com\/fr\/#organization","name":"Riad le Calife","url":"https:\/\/riadlecalife.com\/fr\/","logo":{"@type":"ImageObject","inLanguage":"fr-FR","@id":"https:\/\/riadlecalife.com\/fr\/#\/schema\/logo\/image\/","url":"https:\/\/riadlecalife.com\/fr\/wp-content\/uploads\/sites\/2\/2023\/01\/cropped-logo-riad-le-calife-1.webp","contentUrl":"https:\/\/riadlecalife.com\/fr\/wp-content\/uploads\/sites\/2\/2023\/01\/cropped-logo-riad-le-calife-1.webp","width":278,"height":59,"caption":"Riad le Calife "},"image":{"@id":"https:\/\/riadlecalife.com\/fr\/#\/schema\/logo\/image\/"}}]}},"_links":{"self":[{"href":"https:\/\/riadlecalife.com\/fr\/wp-json\/wp\/v2\/pages\/209"}],"collection":[{"href":"https:\/\/riadlecalife.com\/fr\/wp-json\/wp\/v2\/pages"}],"about":[{"href":"https:\/\/riadlecalife.com\/fr\/wp-json\/wp\/v2\/types\/page"}],"author":[{"embeddable":true,"href":"https:\/\/riadlecalife.com\/fr\/wp-json\/wp\/v2\/users\/2"}],"replies":[{"embeddable":true,"href":"https:\/\/riadlecalife.com\/fr\/wp-json\/wp\/v2\/comments?post=209"}],"version-history":[{"count":17,"href":"https:\/\/riadlecalife.com\/fr\/wp-json\/wp\/v2\/pages\/209\/revisions"}],"predecessor-version":[{"id":795,"href":"https:\/\/riadlecalife.com\/fr\/wp-json\/wp\/v2\/pages\/209\/revisions\/795"}],"up":[{"embeddable":true,"href":"https:\/\/riadlecalife.com\/fr\/wp-json\/wp\/v2\/pages\/17"}],"wp:attachment":[{"href":"https:\/\/riadlecalife.com\/fr\/wp-json\/wp\/v2\/media?parent=209"}],"curies":[{"name":"wp","href":"https:\/\/api.w.org\/{rel}","templated":true}]}}