{"id":21,"date":"2023-01-10T14:40:05","date_gmt":"2023-01-10T13:40:05","guid":{"rendered":"https:\/\/preprod.riadlecalife.com\/fr\/?page_id=21"},"modified":"2023-07-27T16:18:44","modified_gmt":"2023-07-27T14:18:44","slug":"contact","status":"publish","type":"page","link":"https:\/\/riadlecalife.com\/fr\/contact\/","title":{"rendered":"Contact"},"content":{"rendered":"<div class=\"language\">\n  <a class=\"lang\" href=\"\/contact\/\">EN<\/a><br \/>\n  <a class=\"lang\" href=\"\/fr\/contact\/\">FR<\/a>\n<\/div>\n<div id=\"slider\" class=\"intro\" >\n<ul class=\"slides\">\n<li class=\"mySlides slide-8\">\n<div class=\"text-block\" style=\"width: 100%!important;\">\n<h1 class=\"slide-title\" > Contact<\/h1>\n<hr style=\"border: 1px solid rgb(255, 255, 255); width: 10%; margin-left: auto; margin-right: auto;\">\n<p style=\"font-size: 36px; font-family: 'roboto slab'; font-weight: 400; letter-spacing: .05rem; text-transform: uppercase;\"><span style=\"font-size: 28px;\">Riad <\/span><br \/>\nLe Calife<\/p>\n<\/li>\n<\/ul>\n<\/div>\n<div class=\"fist-cont contain\" style=\"display:block; max-width: 800px; margin-bottom: 28px;\">\n<h2 style=\"color: #fff; font-weight: 500; text-align: center;\">Contactez-Nous!<\/h2>\n<p style=\"margin-bottom: 1em; text-align: center;\">Toute l\u2019\u00e9quipe du Riad Le Calife reste \u00e0 votre enti\u00e8re disposition <br \/>pour r\u00e9pondre \u00e0 toutes vos demandes.<\/p>\n<\/div>\n<div class=\"container\">\n  <div class=\"wpcf7 no-js\" id=\"wpcf7-f270-o1\" lang=\"fr-FR\" dir=\"ltr\">\n<div class=\"screen-reader-response\"><p role=\"status\" aria-live=\"polite\" aria-atomic=\"true\"><\/p> <ul><\/ul><\/div>\n<form action=\"\/fr\/wp-json\/wp\/v2\/pages\/21#wpcf7-f270-o1\" method=\"post\" class=\"wpcf7-form init\" aria-label=\"Formulaire de contact\" novalidate=\"novalidate\" data-status=\"init\">\n<div style=\"display: none;\">\n<input type=\"hidden\" name=\"_wpcf7\" value=\"270\" \/>\n<input type=\"hidden\" name=\"_wpcf7_version\" value=\"5.7.2\" \/>\n<input type=\"hidden\" name=\"_wpcf7_locale\" value=\"fr_FR\" \/>\n<input type=\"hidden\" name=\"_wpcf7_unit_tag\" value=\"wpcf7-f270-o1\" \/>\n<input type=\"hidden\" name=\"_wpcf7_container_post\" value=\"0\" \/>\n<input type=\"hidden\" name=\"_wpcf7_posted_data_hash\" value=\"\" \/>\n<\/div>\n<p><span class=\"wpcf7-form-control-wrap\" data-name=\"full-name\"><input size=\"40\" class=\"wpcf7-form-control wpcf7-text wpcf7-validates-as-required left-form\" aria-required=\"true\" aria-invalid=\"false\" placeholder=\"Nom &amp; Pr\u00e9nom\" value=\"\" type=\"text\" name=\"full-name\" \/><\/span><br \/>\n<span class=\"wpcf7-form-control-wrap\" data-name=\"phone\"><input size=\"40\" class=\"wpcf7-form-control wpcf7-text wpcf7-tel wpcf7-validates-as-required wpcf7-validates-as-tel right-form\" aria-required=\"true\" aria-invalid=\"false\" placeholder=\"Num\u00e9ro de T\u00e9l\u00e9phone\" value=\"\" type=\"tel\" name=\"phone\" \/><\/span><br \/>\n<span class=\"wpcf7-form-control-wrap\" data-name=\"email\"><input size=\"40\" class=\"wpcf7-form-control wpcf7-text wpcf7-email wpcf7-validates-as-required wpcf7-validates-as-email left-form\" aria-required=\"true\" aria-invalid=\"false\" placeholder=\"Adresse E-mail\" value=\"\" type=\"email\" name=\"email\" \/><\/span><br \/>\n<span class=\"wpcf7-form-control-wrap\" data-name=\"country\"><input size=\"40\" class=\"wpcf7-form-control wpcf7-text wpcf7-validates-as-required right-form\" aria-required=\"true\" aria-invalid=\"false\" placeholder=\"Pays\" value=\"\" type=\"text\" name=\"country\" \/><\/span><br \/>\n<span class=\"wpcf7-form-control-wrap\" data-name=\"message\"><textarea cols=\"40\" rows=\"10\" class=\"wpcf7-form-control wpcf7-textarea message-form\" aria-invalid=\"false\" placeholder=\"Message\" name=\"message\"><\/textarea><\/span><br \/>\n<span class=\"wpcf7-form-control-wrap\" data-name=\"Confirmation\"><span class=\"wpcf7-form-control wpcf7-checkbox wpcf7-validates-as-required\"><span class=\"wpcf7-list-item first last\"><label><input type=\"checkbox\" name=\"Confirmation[]\" value=\"En soumettant ce formulaire, j&#039;autorise l&#039;utilisation de mes informations personnelles pour me contacter et j&#039;accepte la politique de confidentialit\u00e9 du site.\" tabindex=\"\" \/><span class=\"wpcf7-list-item-label\">En soumettant ce formulaire, j&#039;autorise l&#039;utilisation de mes informations personnelles pour me contacter et j&#039;accepte la politique de confidentialit\u00e9 du site.<\/span><\/label><\/span><\/span><\/span><br \/>\n<input class=\"wpcf7-form-control has-spinner wpcf7-submit submit-contact\" type=\"submit\" value=\"Envoyer\" \/>\n<\/p><div class=\"wpcf7-response-output\" aria-hidden=\"true\"><\/div><\/form><\/div>\n<\/div>\n","protected":false},"excerpt":{"rendered":"<p>EN FR Contact Riad Le Calife Contactez-Nous! Toute l\u2019\u00e9quipe du Riad Le Calife reste \u00e0 votre enti\u00e8re disposition pour r\u00e9pondre \u00e0 toutes vos demandes.<\/p>\n","protected":false},"author":2,"featured_media":0,"parent":0,"menu_order":0,"comment_status":"closed","ping_status":"closed","template":"","meta":{"site-sidebar-layout":"default","site-content-layout":"default","ast-global-header-display":"","ast-main-header-display":"","ast-hfb-above-header-display":"","ast-hfb-below-header-display":"","ast-hfb-mobile-header-display":"","site-post-title":"disabled","ast-breadcrumbs-content":"","ast-featured-img":"","footer-sml-layout":"","theme-transparent-header-meta":"default","adv-header-id-meta":"","stick-header-meta":"","header-above-stick-meta":"","header-main-stick-meta":"","header-below-stick-meta":""},"yoast_head":"<!-- This site is optimized with the Yoast SEO plugin v20.12 - https:\/\/yoast.com\/wordpress\/plugins\/seo\/ -->\n<title>Contact - Riad le Calife<\/title>\n<meta name=\"description\" content=\"Si vous avez une questions sur l&#039;hotel, l&#039;\u00e9quipe du Riad Le Calife est \u00e0 votre disposition, notre contact est via cette page.\" \/>\n<meta name=\"robots\" content=\"index, follow, max-snippet:-1, max-image-preview:large, max-video-preview:-1\" \/>\n<link rel=\"canonical\" href=\"https:\/\/riadlecalife.com\/fr\/contact\/\" \/>\n<meta property=\"og:locale\" content=\"fr_FR\" \/>\n<meta property=\"og:type\" content=\"article\" \/>\n<meta property=\"og:title\" content=\"Contact - Riad le Calife\" \/>\n<meta property=\"og:description\" content=\"Si vous avez une questions sur l&#039;hotel, l&#039;\u00e9quipe du Riad Le Calife est \u00e0 votre disposition, notre contact est via cette page.\" \/>\n<meta property=\"og:url\" content=\"https:\/\/riadlecalife.com\/fr\/contact\/\" \/>\n<meta property=\"og:site_name\" content=\"Riad le Calife\" \/>\n<meta property=\"article:modified_time\" content=\"2023-07-27T14:18:44+00:00\" \/>\n<meta name=\"twitter:card\" content=\"summary_large_image\" \/>\n<meta name=\"twitter:label1\" content=\"Dur\u00e9e de lecture estim\u00e9e\" \/>\n\t<meta name=\"twitter:data1\" content=\"1 minute\" \/>\n<script type=\"application\/ld+json\" class=\"yoast-schema-graph\">{\"@context\":\"https:\/\/schema.org\",\"@graph\":[{\"@type\":\"WebPage\",\"@id\":\"https:\/\/riadlecalife.com\/fr\/contact\/\",\"url\":\"https:\/\/riadlecalife.com\/fr\/contact\/\",\"name\":\"Contact - Riad le Calife\",\"isPartOf\":{\"@id\":\"https:\/\/riadlecalife.com\/fr\/#website\"},\"datePublished\":\"2023-01-10T13:40:05+00:00\",\"dateModified\":\"2023-07-27T14:18:44+00:00\",\"description\":\"Si vous avez une questions sur l'hotel, l'\u00e9quipe du Riad Le Calife est \u00e0 votre disposition, notre contact est via cette page.\",\"breadcrumb\":{\"@id\":\"https:\/\/riadlecalife.com\/fr\/contact\/#breadcrumb\"},\"inLanguage\":\"fr-FR\",\"potentialAction\":[{\"@type\":\"ReadAction\",\"target\":[\"https:\/\/riadlecalife.com\/fr\/contact\/\"]}]},{\"@type\":\"BreadcrumbList\",\"@id\":\"https:\/\/riadlecalife.com\/fr\/contact\/#breadcrumb\",\"itemListElement\":[{\"@type\":\"ListItem\",\"position\":1,\"name\":\"Accueil\",\"item\":\"https:\/\/riadlecalife.com\/fr\/\"},{\"@type\":\"ListItem\",\"position\":2,\"name\":\"Contact\"}]},{\"@type\":\"WebSite\",\"@id\":\"https:\/\/riadlecalife.com\/fr\/#website\",\"url\":\"https:\/\/riadlecalife.com\/fr\/\",\"name\":\"Riad le Calife\",\"description\":\"\",\"publisher\":{\"@id\":\"https:\/\/riadlecalife.com\/fr\/#organization\"},\"potentialAction\":[{\"@type\":\"SearchAction\",\"target\":{\"@type\":\"EntryPoint\",\"urlTemplate\":\"https:\/\/riadlecalife.com\/fr\/?s={search_term_string}\"},\"query-input\":\"required name=search_term_string\"}],\"inLanguage\":\"fr-FR\"},{\"@type\":\"Organization\",\"@id\":\"https:\/\/riadlecalife.com\/fr\/#organization\",\"name\":\"Riad le Calife\",\"url\":\"https:\/\/riadlecalife.com\/fr\/\",\"logo\":{\"@type\":\"ImageObject\",\"inLanguage\":\"fr-FR\",\"@id\":\"https:\/\/riadlecalife.com\/fr\/#\/schema\/logo\/image\/\",\"url\":\"https:\/\/riadlecalife.com\/fr\/wp-content\/uploads\/sites\/2\/2023\/01\/cropped-logo-riad-le-calife-1.webp\",\"contentUrl\":\"https:\/\/riadlecalife.com\/fr\/wp-content\/uploads\/sites\/2\/2023\/01\/cropped-logo-riad-le-calife-1.webp\",\"width\":278,\"height\":59,\"caption\":\"Riad le Calife \"},\"image\":{\"@id\":\"https:\/\/riadlecalife.com\/fr\/#\/schema\/logo\/image\/\"}}]}<\/script>\n<!-- \/ Yoast SEO plugin. -->","yoast_head_json":{"title":"Contact - Riad le Calife","description":"Si vous avez une questions sur l'hotel, l'\u00e9quipe du Riad Le Calife est \u00e0 votre disposition, notre contact est via cette page.","robots":{"index":"index","follow":"follow","max-snippet":"max-snippet:-1","max-image-preview":"max-image-preview:large","max-video-preview":"max-video-preview:-1"},"canonical":"https:\/\/riadlecalife.com\/fr\/contact\/","og_locale":"fr_FR","og_type":"article","og_title":"Contact - Riad le Calife","og_description":"Si vous avez une questions sur l'hotel, l'\u00e9quipe du Riad Le Calife est \u00e0 votre disposition, notre contact est via cette page.","og_url":"https:\/\/riadlecalife.com\/fr\/contact\/","og_site_name":"Riad le Calife","article_modified_time":"2023-07-27T14:18:44+00:00","twitter_card":"summary_large_image","twitter_misc":{"Dur\u00e9e de lecture estim\u00e9e":"1 minute"},"schema":{"@context":"https:\/\/schema.org","@graph":[{"@type":"WebPage","@id":"https:\/\/riadlecalife.com\/fr\/contact\/","url":"https:\/\/riadlecalife.com\/fr\/contact\/","name":"Contact - Riad le Calife","isPartOf":{"@id":"https:\/\/riadlecalife.com\/fr\/#website"},"datePublished":"2023-01-10T13:40:05+00:00","dateModified":"2023-07-27T14:18:44+00:00","description":"Si vous avez une questions sur l'hotel, l'\u00e9quipe du Riad Le Calife est \u00e0 votre disposition, notre contact est via cette page.","breadcrumb":{"@id":"https:\/\/riadlecalife.com\/fr\/contact\/#breadcrumb"},"inLanguage":"fr-FR","potentialAction":[{"@type":"ReadAction","target":["https:\/\/riadlecalife.com\/fr\/contact\/"]}]},{"@type":"BreadcrumbList","@id":"https:\/\/riadlecalife.com\/fr\/contact\/#breadcrumb","itemListElement":[{"@type":"ListItem","position":1,"name":"Accueil","item":"https:\/\/riadlecalife.com\/fr\/"},{"@type":"ListItem","position":2,"name":"Contact"}]},{"@type":"WebSite","@id":"https:\/\/riadlecalife.com\/fr\/#website","url":"https:\/\/riadlecalife.com\/fr\/","name":"Riad le Calife","description":"","publisher":{"@id":"https:\/\/riadlecalife.com\/fr\/#organization"},"potentialAction":[{"@type":"SearchAction","target":{"@type":"EntryPoint","urlTemplate":"https:\/\/riadlecalife.com\/fr\/?s={search_term_string}"},"query-input":"required name=search_term_string"}],"inLanguage":"fr-FR"},{"@type":"Organization","@id":"https:\/\/riadlecalife.com\/fr\/#organization","name":"Riad le Calife","url":"https:\/\/riadlecalife.com\/fr\/","logo":{"@type":"ImageObject","inLanguage":"fr-FR","@id":"https:\/\/riadlecalife.com\/fr\/#\/schema\/logo\/image\/","url":"https:\/\/riadlecalife.com\/fr\/wp-content\/uploads\/sites\/2\/2023\/01\/cropped-logo-riad-le-calife-1.webp","contentUrl":"https:\/\/riadlecalife.com\/fr\/wp-content\/uploads\/sites\/2\/2023\/01\/cropped-logo-riad-le-calife-1.webp","width":278,"height":59,"caption":"Riad le Calife "},"image":{"@id":"https:\/\/riadlecalife.com\/fr\/#\/schema\/logo\/image\/"}}]}},"_links":{"self":[{"href":"https:\/\/riadlecalife.com\/fr\/wp-json\/wp\/v2\/pages\/21"}],"collection":[{"href":"https:\/\/riadlecalife.com\/fr\/wp-json\/wp\/v2\/pages"}],"about":[{"href":"https:\/\/riadlecalife.com\/fr\/wp-json\/wp\/v2\/types\/page"}],"author":[{"embeddable":true,"href":"https:\/\/riadlecalife.com\/fr\/wp-json\/wp\/v2\/users\/2"}],"replies":[{"embeddable":true,"href":"https:\/\/riadlecalife.com\/fr\/wp-json\/wp\/v2\/comments?post=21"}],"version-history":[{"count":14,"href":"https:\/\/riadlecalife.com\/fr\/wp-json\/wp\/v2\/pages\/21\/revisions"}],"predecessor-version":[{"id":769,"href":"https:\/\/riadlecalife.com\/fr\/wp-json\/wp\/v2\/pages\/21\/revisions\/769"}],"wp:attachment":[{"href":"https:\/\/riadlecalife.com\/fr\/wp-json\/wp\/v2\/media?parent=21"}],"curies":[{"name":"wp","href":"https:\/\/api.w.org\/{rel}","templated":true}]}}