{"id":211,"date":"2023-01-10T16:46:04","date_gmt":"2023-01-10T15:46:04","guid":{"rendered":"https:\/\/preprod.riadlecalife.com\/fr\/?page_id=211"},"modified":"2023-07-27T18:08:55","modified_gmt":"2023-07-27T16:08:55","slug":"excursion-moyen-atlas","status":"publish","type":"page","link":"https:\/\/riadlecalife.com\/fr\/prestations-services\/excursion-moyen-atlas\/","title":{"rendered":"Excursion Moyen Atlas"},"content":{"rendered":"<div class=\"language\">\n  <a class=\"lang\" href=\"\/middle-atlas-excursion\/\">EN<\/a><br \/>\n  <a class=\"lang\" href=\"\/fr\/excursion-moyen-atlas\/\">FR<\/a>\n<\/div>\n<div class=\"fist-cont contain\" style=\"display:block; max-width: 800px!important;\">\n<h1 style=\"color: #fff; font-weight: 500; text-align: center;\">Excursion Moyen Atlas<\/h1>\n<\/div>\n<div class=\"container contain\" style=\"display:flex; align-items: flex-start;\">\n<div class=\"sub-1\" style=\"padding: 0 25px;\">\n<p class=\"text\" style=\"font-weight: 400!important;\">Partez \u00e0 la d\u00e9couverte du Moyen Atlas et venez d\u00e9couvrir les villages berb\u00e8res, les paysages pittoresques, les nombreux lacs volcaniques et les grands espaces du Moyen Atlas.<\/p>\n<div class=\"detail-equipm\">\n<h5 style=\"font-weight: 600; font-size: 16px;\">Le long de cette excursion vous visiterez : <\/h5>\n<div class=\"check\" style=\"display: flex; flex-direction: row;\">\n                <i class=\"fa-solid fa-circle-check\" style=\" height: 20px; color: #AF8636;\"><\/i><\/p>\n<p style=\"margin: 0 0 7px 25px; letter-spacing: 0.5px; font-family: \"'Roboto', sans-serif\"><span style=\"color: #AF8636; font-weight: 600;\"> Sefrou <\/span>, petite ville Amazigh connue pour son festival des cerises (en juin) et sa cascade d\u2019eau, vous pourrez fl\u00e2ner dans sa m\u00e9dina et son Mellah (ancien quartier juif).<\/p>\n<\/p><\/div>\n<div class=\"check\" style=\"display: flex; flex-direction: row;\">\n                <i class=\"fa-solid fa-circle-check\" style=\" height: 20px; color: #AF8636;\"><\/i><\/p>\n<p style=\"margin: 0 0 7px 25px; letter-spacing: 0.5px;\" font-family: \"'Roboto', sans-serif\"><span style=\"color: #AF8636; font-weight: 600;\">Bahlil <\/span>petit village dont la particularit\u00e9 est la pr\u00e9sence d\u2019habitats troglodytes. Certaines familles vivent toujours dans ces grottes.<\/p>\n<\/p><\/div>\n<div class=\"check\" style=\"display: flex; flex-direction: row;\">\n                <i class=\"fa-solid fa-circle-check\" style=\" height: 20px; color: #AF8636;\"><\/i><\/p>\n<p style=\"margin: 0 0 7px 25px; letter-spacing: 0.5px;\" font-family: \"'Roboto', sans-serif\"><span style=\"color: #AF8636; font-weight: 600;\">Immouzzer <\/span>, connue pour son eau min\u00e9rale naturelle et ses pommes, petite ville offrant un Maroc authentique.<\/p>\n<\/p><\/div>\n<div class=\"check\" style=\"display: flex; flex-direction: row;\">\n                <i class=\"fa-solid fa-circle-check\" style=\" height: 20px; color: #AF8636;\"><\/i><\/p>\n<p style=\"margin: 0 0 7px 25px; letter-spacing: 0.5px;\" font-family: \"'Roboto', sans-serif\"><span style=\"color: #AF8636; font-weight: 600;\">Ifrane <\/span>surnomm\u00e9e la petite Suisse du Maroc, offre une architecture tr\u00e8s surprenante. Cette ville est un lieu de vill\u00e9giature tr\u00e8s appr\u00e9ci\u00e9 des Marocains, qui regorge de nombreuses colonies de vacances et permet un vrai d\u00e9paysement. Elle abrite \u00e9galement la prestigieuse universit\u00e9 Al Akhawayn.<\/p>\n<\/p><\/div>\n<div class=\"check\" style=\"display: flex; flex-direction: row;\">\n                <i class=\"fa-solid fa-circle-check\" style=\" height: 20px; color: #AF8636;\"><\/i><\/p>\n<p style=\"margin: 0 0 7px 25px; letter-spacing: 0.5px;\" font-family: \"'Roboto', sans-serif\"><span style=\"color: #AF8636; font-weight: 600;\">Azrou <\/span>c\u00e9l\u00e8bre pour son immense for\u00eat de c\u00e8dres qui abrite de nombreux macaques de Barbarie : les magots. Cette \u00e9tape reste un lieu de pr\u00e9dilection pour les randonneurs et amoureux de la nature.<\/p>\n<\/p><\/div>\n<\/p><\/div>\n<\/p><\/div>\n<div class=\"sub-2\" style=\"width: 45%;\">\n    <img decoding=\"async\" style=\"height: 490px;\" class=\"side-img\" src=\"https:\/\/riadlecalife.com\/wp-content\/uploads\/2023\/01\/moyen-atlas.webp\" alt=\"excursion Moyen Atlas Riad le Calife\">\n    <\/div>\n<\/p><\/div>\n","protected":false},"excerpt":{"rendered":"<p>EN FR Excursion Moyen Atlas Partez \u00e0 la d\u00e9couverte du Moyen Atlas et venez d\u00e9couvrir les villages berb\u00e8res, les paysages pittoresques, les nombreux lacs volcaniques et les grands espaces du Moyen Atlas. Le long de cette excursion vous visiterez :<\/p>\n","protected":false},"author":2,"featured_media":0,"parent":17,"menu_order":0,"comment_status":"closed","ping_status":"closed","template":"","meta":{"site-sidebar-layout":"default","site-content-layout":"default","ast-global-header-display":"","ast-main-header-display":"","ast-hfb-above-header-display":"","ast-hfb-below-header-display":"","ast-hfb-mobile-header-display":"","site-post-title":"disabled","ast-breadcrumbs-content":"","ast-featured-img":"","footer-sml-layout":"","theme-transparent-header-meta":"default","adv-header-id-meta":"","stick-header-meta":"","header-above-stick-meta":"","header-main-stick-meta":"","header-below-stick-meta":""},"yoast_head":"<!-- This site is optimized with the Yoast SEO plugin v20.12 - https:\/\/yoast.com\/wordpress\/plugins\/seo\/ -->\n<title>Moyen Atlas - Excursion - Riad le Calife<\/title>\n<meta name=\"description\" content=\"Cette excursion dans le Moyen Atlas et ses hauts plateaux offre une pause enchant\u00e9e dans la belle campagne marocaine.\" \/>\n<meta name=\"robots\" content=\"index, follow, max-snippet:-1, max-image-preview:large, max-video-preview:-1\" \/>\n<link rel=\"canonical\" href=\"https:\/\/riadlecalife.com\/fr\/prestations-services\/excursion-moyen-atlas\/\" \/>\n<meta property=\"og:locale\" content=\"fr_FR\" \/>\n<meta property=\"og:type\" content=\"article\" \/>\n<meta property=\"og:title\" content=\"Moyen Atlas - Excursion - Riad le Calife\" \/>\n<meta property=\"og:description\" content=\"Cette excursion dans le Moyen Atlas et ses hauts plateaux offre une pause enchant\u00e9e dans la belle campagne marocaine.\" \/>\n<meta property=\"og:url\" content=\"https:\/\/riadlecalife.com\/fr\/prestations-services\/excursion-moyen-atlas\/\" \/>\n<meta property=\"og:site_name\" content=\"Riad le Calife\" \/>\n<meta property=\"article:modified_time\" content=\"2023-07-27T16:08:55+00:00\" \/>\n<meta property=\"og:image\" content=\"https:\/\/riadlecalife.com\/wp-content\/uploads\/2023\/01\/moyen-atlas.webp\" \/>\n<meta name=\"twitter:card\" content=\"summary_large_image\" \/>\n<meta name=\"twitter:label1\" content=\"Dur\u00e9e de lecture estim\u00e9e\" \/>\n\t<meta name=\"twitter:data1\" content=\"2 minutes\" \/>\n<script type=\"application\/ld+json\" class=\"yoast-schema-graph\">{\"@context\":\"https:\/\/schema.org\",\"@graph\":[{\"@type\":\"WebPage\",\"@id\":\"https:\/\/riadlecalife.com\/fr\/prestations-services\/excursion-moyen-atlas\/\",\"url\":\"https:\/\/riadlecalife.com\/fr\/prestations-services\/excursion-moyen-atlas\/\",\"name\":\"Moyen Atlas - Excursion - Riad le Calife\",\"isPartOf\":{\"@id\":\"https:\/\/riadlecalife.com\/fr\/#website\"},\"datePublished\":\"2023-01-10T15:46:04+00:00\",\"dateModified\":\"2023-07-27T16:08:55+00:00\",\"description\":\"Cette excursion dans le Moyen Atlas et ses hauts plateaux offre une pause enchant\u00e9e dans la belle campagne marocaine.\",\"breadcrumb\":{\"@id\":\"https:\/\/riadlecalife.com\/fr\/prestations-services\/excursion-moyen-atlas\/#breadcrumb\"},\"inLanguage\":\"fr-FR\",\"potentialAction\":[{\"@type\":\"ReadAction\",\"target\":[\"https:\/\/riadlecalife.com\/fr\/prestations-services\/excursion-moyen-atlas\/\"]}]},{\"@type\":\"BreadcrumbList\",\"@id\":\"https:\/\/riadlecalife.com\/fr\/prestations-services\/excursion-moyen-atlas\/#breadcrumb\",\"itemListElement\":[{\"@type\":\"ListItem\",\"position\":1,\"name\":\"Accueil\",\"item\":\"https:\/\/riadlecalife.com\/fr\/\"},{\"@type\":\"ListItem\",\"position\":2,\"name\":\"Prestations Services\",\"item\":\"https:\/\/riadlecalife.com\/fr\/prestations-services\/\"},{\"@type\":\"ListItem\",\"position\":3,\"name\":\"Excursion Moyen Atlas\"}]},{\"@type\":\"WebSite\",\"@id\":\"https:\/\/riadlecalife.com\/fr\/#website\",\"url\":\"https:\/\/riadlecalife.com\/fr\/\",\"name\":\"Riad le Calife\",\"description\":\"\",\"publisher\":{\"@id\":\"https:\/\/riadlecalife.com\/fr\/#organization\"},\"potentialAction\":[{\"@type\":\"SearchAction\",\"target\":{\"@type\":\"EntryPoint\",\"urlTemplate\":\"https:\/\/riadlecalife.com\/fr\/?s={search_term_string}\"},\"query-input\":\"required name=search_term_string\"}],\"inLanguage\":\"fr-FR\"},{\"@type\":\"Organization\",\"@id\":\"https:\/\/riadlecalife.com\/fr\/#organization\",\"name\":\"Riad le Calife\",\"url\":\"https:\/\/riadlecalife.com\/fr\/\",\"logo\":{\"@type\":\"ImageObject\",\"inLanguage\":\"fr-FR\",\"@id\":\"https:\/\/riadlecalife.com\/fr\/#\/schema\/logo\/image\/\",\"url\":\"https:\/\/riadlecalife.com\/fr\/wp-content\/uploads\/sites\/2\/2023\/01\/cropped-logo-riad-le-calife-1.webp\",\"contentUrl\":\"https:\/\/riadlecalife.com\/fr\/wp-content\/uploads\/sites\/2\/2023\/01\/cropped-logo-riad-le-calife-1.webp\",\"width\":278,\"height\":59,\"caption\":\"Riad le Calife \"},\"image\":{\"@id\":\"https:\/\/riadlecalife.com\/fr\/#\/schema\/logo\/image\/\"}}]}<\/script>\n<!-- \/ Yoast SEO plugin. -->","yoast_head_json":{"title":"Moyen Atlas - Excursion - Riad le Calife","description":"Cette excursion dans le Moyen Atlas et ses hauts plateaux offre une pause enchant\u00e9e dans la belle campagne marocaine.","robots":{"index":"index","follow":"follow","max-snippet":"max-snippet:-1","max-image-preview":"max-image-preview:large","max-video-preview":"max-video-preview:-1"},"canonical":"https:\/\/riadlecalife.com\/fr\/prestations-services\/excursion-moyen-atlas\/","og_locale":"fr_FR","og_type":"article","og_title":"Moyen Atlas - Excursion - Riad le Calife","og_description":"Cette excursion dans le Moyen Atlas et ses hauts plateaux offre une pause enchant\u00e9e dans la belle campagne marocaine.","og_url":"https:\/\/riadlecalife.com\/fr\/prestations-services\/excursion-moyen-atlas\/","og_site_name":"Riad le Calife","article_modified_time":"2023-07-27T16:08:55+00:00","og_image":[{"url":"https:\/\/riadlecalife.com\/wp-content\/uploads\/2023\/01\/moyen-atlas.webp"}],"twitter_card":"summary_large_image","twitter_misc":{"Dur\u00e9e de lecture estim\u00e9e":"2 minutes"},"schema":{"@context":"https:\/\/schema.org","@graph":[{"@type":"WebPage","@id":"https:\/\/riadlecalife.com\/fr\/prestations-services\/excursion-moyen-atlas\/","url":"https:\/\/riadlecalife.com\/fr\/prestations-services\/excursion-moyen-atlas\/","name":"Moyen Atlas - Excursion - Riad le Calife","isPartOf":{"@id":"https:\/\/riadlecalife.com\/fr\/#website"},"datePublished":"2023-01-10T15:46:04+00:00","dateModified":"2023-07-27T16:08:55+00:00","description":"Cette excursion dans le Moyen Atlas et ses hauts plateaux offre une pause enchant\u00e9e dans la belle campagne marocaine.","breadcrumb":{"@id":"https:\/\/riadlecalife.com\/fr\/prestations-services\/excursion-moyen-atlas\/#breadcrumb"},"inLanguage":"fr-FR","potentialAction":[{"@type":"ReadAction","target":["https:\/\/riadlecalife.com\/fr\/prestations-services\/excursion-moyen-atlas\/"]}]},{"@type":"BreadcrumbList","@id":"https:\/\/riadlecalife.com\/fr\/prestations-services\/excursion-moyen-atlas\/#breadcrumb","itemListElement":[{"@type":"ListItem","position":1,"name":"Accueil","item":"https:\/\/riadlecalife.com\/fr\/"},{"@type":"ListItem","position":2,"name":"Prestations Services","item":"https:\/\/riadlecalife.com\/fr\/prestations-services\/"},{"@type":"ListItem","position":3,"name":"Excursion Moyen Atlas"}]},{"@type":"WebSite","@id":"https:\/\/riadlecalife.com\/fr\/#website","url":"https:\/\/riadlecalife.com\/fr\/","name":"Riad le Calife","description":"","publisher":{"@id":"https:\/\/riadlecalife.com\/fr\/#organization"},"potentialAction":[{"@type":"SearchAction","target":{"@type":"EntryPoint","urlTemplate":"https:\/\/riadlecalife.com\/fr\/?s={search_term_string}"},"query-input":"required name=search_term_string"}],"inLanguage":"fr-FR"},{"@type":"Organization","@id":"https:\/\/riadlecalife.com\/fr\/#organization","name":"Riad le Calife","url":"https:\/\/riadlecalife.com\/fr\/","logo":{"@type":"ImageObject","inLanguage":"fr-FR","@id":"https:\/\/riadlecalife.com\/fr\/#\/schema\/logo\/image\/","url":"https:\/\/riadlecalife.com\/fr\/wp-content\/uploads\/sites\/2\/2023\/01\/cropped-logo-riad-le-calife-1.webp","contentUrl":"https:\/\/riadlecalife.com\/fr\/wp-content\/uploads\/sites\/2\/2023\/01\/cropped-logo-riad-le-calife-1.webp","width":278,"height":59,"caption":"Riad le Calife "},"image":{"@id":"https:\/\/riadlecalife.com\/fr\/#\/schema\/logo\/image\/"}}]}},"_links":{"self":[{"href":"https:\/\/riadlecalife.com\/fr\/wp-json\/wp\/v2\/pages\/211"}],"collection":[{"href":"https:\/\/riadlecalife.com\/fr\/wp-json\/wp\/v2\/pages"}],"about":[{"href":"https:\/\/riadlecalife.com\/fr\/wp-json\/wp\/v2\/types\/page"}],"author":[{"embeddable":true,"href":"https:\/\/riadlecalife.com\/fr\/wp-json\/wp\/v2\/users\/2"}],"replies":[{"embeddable":true,"href":"https:\/\/riadlecalife.com\/fr\/wp-json\/wp\/v2\/comments?post=211"}],"version-history":[{"count":9,"href":"https:\/\/riadlecalife.com\/fr\/wp-json\/wp\/v2\/pages\/211\/revisions"}],"predecessor-version":[{"id":796,"href":"https:\/\/riadlecalife.com\/fr\/wp-json\/wp\/v2\/pages\/211\/revisions\/796"}],"up":[{"embeddable":true,"href":"https:\/\/riadlecalife.com\/fr\/wp-json\/wp\/v2\/pages\/17"}],"wp:attachment":[{"href":"https:\/\/riadlecalife.com\/fr\/wp-json\/wp\/v2\/media?parent=211"}],"curies":[{"name":"wp","href":"https:\/\/api.w.org\/{rel}","templated":true}]}}