{"id":213,"date":"2023-01-10T16:47:06","date_gmt":"2023-01-10T15:47:06","guid":{"rendered":"https:\/\/preprod.riadlecalife.com\/fr\/?page_id=213"},"modified":"2023-07-27T18:13:25","modified_gmt":"2023-07-27T16:13:25","slug":"restaurant-les-lanternes-de-fez","status":"publish","type":"page","link":"https:\/\/riadlecalife.com\/fr\/restaurant-bar\/restaurant-les-lanternes-de-fez\/","title":{"rendered":"Restaurant Les Lanternes de Fez"},"content":{"rendered":"<div class=\"language\">\n  <a class=\"lang\" href=\"\/restaurant-the-lanternes-of-fez\/\">EN<\/a><br \/>\n  <a class=\"lang\" href=\"\/fr\/restaurant-les-lanternes-de-fez\/\">FR<\/a>\n<\/div>\n<div class=\"fist-cont contain\" style=\"display:block; max-width: 1000px!important; margin-bottom: 28px;\">\n<h1 class=\"first-tittle desktop\">Restaurant les Lanternes de Fez<\/h1>\n<h2 class=\"first-tittle mobile\">Restaurant <br \/> les Lanternes de Fez<\/h2>\n<h6 style=\"color: #AF8636;font-weight: 400; font-family:'roboto'; text-align: center;\"> \u275dUne cuisine empreinte de tradition et de modernit\u00e9.\u275e<\/h6>\n<\/div>\n<div class=\"container contain\" style=\"display:flex; align-items: flex-start;\">\n<div class=\"sub-1\" style=\"padding: 0 25px;\">\n<p class=\"text\" style=\"line-height: 1.5!important;\">Soucieux de valoriser le savoir faire de nos producteurs locaux, nos Menus sont pr\u00e9sent\u00e9s chaque jour \u00e0 nos h\u00f4tes et \u00e9voluent au gr\u00e9 des saisons et des produits frais du march\u00e9.<br \/>\n      Chaque jour, vous pourrez alors savourer un Menu traditionnel familiale qui vous sera propos\u00e9 avec des sp\u00e9cialit\u00e9s comme les divers tajines, les couscous, la pastilla maison ou encore l\u2019\u00e9paule d\u2019agneau\u2026<\/p>\n<hr style=\"border: 1px solid #af8636; width: 25%; margin-left: auto; margin-right: auto; background-color: #af8636; \">\n<p class=\"text\" style=\"line-height: 1.5!important;\">Laissez-vous tenter par l\u2019invitation au voyage et venez d\u00e9couvrir, toute la richesse et la finesse de la cuisine Fassie, capitale de la gastronomie.<\/p>\n<hr style=\"border: 1px solid #af8636; width: 25%; margin-left: auto; margin-right: auto; background-color: #af8636;\">\n<p class=\"text\" style=\"line-height: 1.5!important;\">Laisser vous emporter par la magie des plats aux milles et une saveurs, subtils m\u00e9lange d\u2019\u00e9pices et de produits frais de saison.<\/p>\n<p class=\"text\" style=\"color: #af8636; font-weight: 600; line-height: 1.5!important;\">Le Menu traditionnel Marocain est \u00e0 partir de 25\u20ac par personne.<br \/>\n  Il comprend une entr\u00e9e, un plat, un dessert, le th\u00e9 \u00e0 la menthe et les p\u00e2tisseries Marocaines maison.<\/p>\n<p style=\"font-family: 'Roboto Slab';\">Table sur r\u00e9servation.<\/p>\n<p><button class=\"button-1\" onclick=\"document.location='\/fr\/contact\/'\" style=\"width: 100%; margin-top: -5px; color: white!important; background-color: transparent; font-family: 'Bungee Shade';\">R\u00e9server votre Table<\/button>\n    <\/div>\n<div class=\"sub-2\" style=\"width: 45%;\">\n    <img decoding=\"async\"  class=\"side-img resto\" src=\"https:\/\/riadlecalife.com\/wp-content\/uploads\/2023\/04\/resto-riadlecalife.webp\" alt=\"Restaurant Les Lanternes de Fez\">\n    <\/div>\n<\/p><\/div>\n","protected":false},"excerpt":{"rendered":"<p>EN FR Restaurant les Lanternes de Fez Restaurant les Lanternes de Fez \u275dUne cuisine empreinte de tradition et de modernit\u00e9.\u275e Soucieux de valoriser le savoir faire de nos producteurs locaux, nos Menus sont pr\u00e9sent\u00e9s chaque jour \u00e0 nos h\u00f4tes et \u00e9voluent au gr\u00e9 des saisons et des produits frais du march\u00e9. Chaque jour, vous pourrez &hellip;<\/p>\n<p class=\"read-more\"> <a class=\"\" href=\"https:\/\/riadlecalife.com\/fr\/restaurant-bar\/restaurant-les-lanternes-de-fez\/\"> <span class=\"screen-reader-text\">Restaurant Les Lanternes de Fez<\/span> Lire la suite\u00a0\u00bb<\/a><\/p>\n","protected":false},"author":2,"featured_media":0,"parent":15,"menu_order":0,"comment_status":"closed","ping_status":"closed","template":"","meta":{"site-sidebar-layout":"default","site-content-layout":"default","ast-global-header-display":"","ast-main-header-display":"","ast-hfb-above-header-display":"","ast-hfb-below-header-display":"","ast-hfb-mobile-header-display":"","site-post-title":"disabled","ast-breadcrumbs-content":"","ast-featured-img":"","footer-sml-layout":"","theme-transparent-header-meta":"default","adv-header-id-meta":"","stick-header-meta":"","header-above-stick-meta":"","header-main-stick-meta":"","header-below-stick-meta":""},"yoast_head":"<!-- This site is optimized with the Yoast SEO plugin v20.12 - https:\/\/yoast.com\/wordpress\/plugins\/seo\/ -->\n<title>Restaurant Les Lanternes de Fez - Riad le Calife<\/title>\n<meta name=\"description\" content=\"Le restaurant Les Lanternes de Fez de l&#039;h\u00f4tel Riad le Calife vous propose une vari\u00e9t\u00e9 de plats traditionnels (pastilla maison, tajines...)\" \/>\n<meta name=\"robots\" content=\"index, follow, max-snippet:-1, max-image-preview:large, max-video-preview:-1\" \/>\n<link rel=\"canonical\" href=\"https:\/\/riadlecalife.com\/fr\/restaurant-bar\/restaurant-les-lanternes-de-fez\/\" \/>\n<meta property=\"og:locale\" content=\"fr_FR\" \/>\n<meta property=\"og:type\" content=\"article\" \/>\n<meta property=\"og:title\" content=\"Restaurant Les Lanternes de Fez - Riad le Calife\" \/>\n<meta property=\"og:description\" content=\"Le restaurant Les Lanternes de Fez de l&#039;h\u00f4tel Riad le Calife vous propose une vari\u00e9t\u00e9 de plats traditionnels (pastilla maison, tajines...)\" \/>\n<meta property=\"og:url\" content=\"https:\/\/riadlecalife.com\/fr\/restaurant-bar\/restaurant-les-lanternes-de-fez\/\" \/>\n<meta property=\"og:site_name\" content=\"Riad le Calife\" \/>\n<meta property=\"article:modified_time\" content=\"2023-07-27T16:13:25+00:00\" \/>\n<meta property=\"og:image\" content=\"https:\/\/riadlecalife.com\/wp-content\/uploads\/2023\/04\/resto-riadlecalife.webp\" \/>\n<meta name=\"twitter:card\" content=\"summary_large_image\" \/>\n<meta name=\"twitter:label1\" content=\"Dur\u00e9e de lecture estim\u00e9e\" \/>\n\t<meta name=\"twitter:data1\" content=\"2 minutes\" \/>\n<script type=\"application\/ld+json\" class=\"yoast-schema-graph\">{\"@context\":\"https:\/\/schema.org\",\"@graph\":[{\"@type\":\"WebPage\",\"@id\":\"https:\/\/riadlecalife.com\/fr\/restaurant-bar\/restaurant-les-lanternes-de-fez\/\",\"url\":\"https:\/\/riadlecalife.com\/fr\/restaurant-bar\/restaurant-les-lanternes-de-fez\/\",\"name\":\"Restaurant Les Lanternes de Fez - Riad le Calife\",\"isPartOf\":{\"@id\":\"https:\/\/riadlecalife.com\/fr\/#website\"},\"datePublished\":\"2023-01-10T15:47:06+00:00\",\"dateModified\":\"2023-07-27T16:13:25+00:00\",\"description\":\"Le restaurant Les Lanternes de Fez de l'h\u00f4tel Riad le Calife vous propose une vari\u00e9t\u00e9 de plats traditionnels (pastilla maison, tajines...)\",\"breadcrumb\":{\"@id\":\"https:\/\/riadlecalife.com\/fr\/restaurant-bar\/restaurant-les-lanternes-de-fez\/#breadcrumb\"},\"inLanguage\":\"fr-FR\",\"potentialAction\":[{\"@type\":\"ReadAction\",\"target\":[\"https:\/\/riadlecalife.com\/fr\/restaurant-bar\/restaurant-les-lanternes-de-fez\/\"]}]},{\"@type\":\"BreadcrumbList\",\"@id\":\"https:\/\/riadlecalife.com\/fr\/restaurant-bar\/restaurant-les-lanternes-de-fez\/#breadcrumb\",\"itemListElement\":[{\"@type\":\"ListItem\",\"position\":1,\"name\":\"Accueil\",\"item\":\"https:\/\/riadlecalife.com\/fr\/\"},{\"@type\":\"ListItem\",\"position\":2,\"name\":\"Restaurant Bar\",\"item\":\"https:\/\/riadlecalife.com\/fr\/restaurant-bar\/\"},{\"@type\":\"ListItem\",\"position\":3,\"name\":\"Restaurant Les Lanternes de Fez\"}]},{\"@type\":\"WebSite\",\"@id\":\"https:\/\/riadlecalife.com\/fr\/#website\",\"url\":\"https:\/\/riadlecalife.com\/fr\/\",\"name\":\"Riad le Calife\",\"description\":\"\",\"publisher\":{\"@id\":\"https:\/\/riadlecalife.com\/fr\/#organization\"},\"potentialAction\":[{\"@type\":\"SearchAction\",\"target\":{\"@type\":\"EntryPoint\",\"urlTemplate\":\"https:\/\/riadlecalife.com\/fr\/?s={search_term_string}\"},\"query-input\":\"required name=search_term_string\"}],\"inLanguage\":\"fr-FR\"},{\"@type\":\"Organization\",\"@id\":\"https:\/\/riadlecalife.com\/fr\/#organization\",\"name\":\"Riad le Calife\",\"url\":\"https:\/\/riadlecalife.com\/fr\/\",\"logo\":{\"@type\":\"ImageObject\",\"inLanguage\":\"fr-FR\",\"@id\":\"https:\/\/riadlecalife.com\/fr\/#\/schema\/logo\/image\/\",\"url\":\"https:\/\/riadlecalife.com\/fr\/wp-content\/uploads\/sites\/2\/2023\/01\/cropped-logo-riad-le-calife-1.webp\",\"contentUrl\":\"https:\/\/riadlecalife.com\/fr\/wp-content\/uploads\/sites\/2\/2023\/01\/cropped-logo-riad-le-calife-1.webp\",\"width\":278,\"height\":59,\"caption\":\"Riad le Calife \"},\"image\":{\"@id\":\"https:\/\/riadlecalife.com\/fr\/#\/schema\/logo\/image\/\"}}]}<\/script>\n<!-- \/ Yoast SEO plugin. -->","yoast_head_json":{"title":"Restaurant Les Lanternes de Fez - Riad le Calife","description":"Le restaurant Les Lanternes de Fez de l'h\u00f4tel Riad le Calife vous propose une vari\u00e9t\u00e9 de plats traditionnels (pastilla maison, tajines...)","robots":{"index":"index","follow":"follow","max-snippet":"max-snippet:-1","max-image-preview":"max-image-preview:large","max-video-preview":"max-video-preview:-1"},"canonical":"https:\/\/riadlecalife.com\/fr\/restaurant-bar\/restaurant-les-lanternes-de-fez\/","og_locale":"fr_FR","og_type":"article","og_title":"Restaurant Les Lanternes de Fez - Riad le Calife","og_description":"Le restaurant Les Lanternes de Fez de l'h\u00f4tel Riad le Calife vous propose une vari\u00e9t\u00e9 de plats traditionnels (pastilla maison, tajines...)","og_url":"https:\/\/riadlecalife.com\/fr\/restaurant-bar\/restaurant-les-lanternes-de-fez\/","og_site_name":"Riad le Calife","article_modified_time":"2023-07-27T16:13:25+00:00","og_image":[{"url":"https:\/\/riadlecalife.com\/wp-content\/uploads\/2023\/04\/resto-riadlecalife.webp"}],"twitter_card":"summary_large_image","twitter_misc":{"Dur\u00e9e de lecture estim\u00e9e":"2 minutes"},"schema":{"@context":"https:\/\/schema.org","@graph":[{"@type":"WebPage","@id":"https:\/\/riadlecalife.com\/fr\/restaurant-bar\/restaurant-les-lanternes-de-fez\/","url":"https:\/\/riadlecalife.com\/fr\/restaurant-bar\/restaurant-les-lanternes-de-fez\/","name":"Restaurant Les Lanternes de Fez - Riad le Calife","isPartOf":{"@id":"https:\/\/riadlecalife.com\/fr\/#website"},"datePublished":"2023-01-10T15:47:06+00:00","dateModified":"2023-07-27T16:13:25+00:00","description":"Le restaurant Les Lanternes de Fez de l'h\u00f4tel Riad le Calife vous propose une vari\u00e9t\u00e9 de plats traditionnels (pastilla maison, tajines...)","breadcrumb":{"@id":"https:\/\/riadlecalife.com\/fr\/restaurant-bar\/restaurant-les-lanternes-de-fez\/#breadcrumb"},"inLanguage":"fr-FR","potentialAction":[{"@type":"ReadAction","target":["https:\/\/riadlecalife.com\/fr\/restaurant-bar\/restaurant-les-lanternes-de-fez\/"]}]},{"@type":"BreadcrumbList","@id":"https:\/\/riadlecalife.com\/fr\/restaurant-bar\/restaurant-les-lanternes-de-fez\/#breadcrumb","itemListElement":[{"@type":"ListItem","position":1,"name":"Accueil","item":"https:\/\/riadlecalife.com\/fr\/"},{"@type":"ListItem","position":2,"name":"Restaurant Bar","item":"https:\/\/riadlecalife.com\/fr\/restaurant-bar\/"},{"@type":"ListItem","position":3,"name":"Restaurant Les Lanternes de Fez"}]},{"@type":"WebSite","@id":"https:\/\/riadlecalife.com\/fr\/#website","url":"https:\/\/riadlecalife.com\/fr\/","name":"Riad le Calife","description":"","publisher":{"@id":"https:\/\/riadlecalife.com\/fr\/#organization"},"potentialAction":[{"@type":"SearchAction","target":{"@type":"EntryPoint","urlTemplate":"https:\/\/riadlecalife.com\/fr\/?s={search_term_string}"},"query-input":"required name=search_term_string"}],"inLanguage":"fr-FR"},{"@type":"Organization","@id":"https:\/\/riadlecalife.com\/fr\/#organization","name":"Riad le Calife","url":"https:\/\/riadlecalife.com\/fr\/","logo":{"@type":"ImageObject","inLanguage":"fr-FR","@id":"https:\/\/riadlecalife.com\/fr\/#\/schema\/logo\/image\/","url":"https:\/\/riadlecalife.com\/fr\/wp-content\/uploads\/sites\/2\/2023\/01\/cropped-logo-riad-le-calife-1.webp","contentUrl":"https:\/\/riadlecalife.com\/fr\/wp-content\/uploads\/sites\/2\/2023\/01\/cropped-logo-riad-le-calife-1.webp","width":278,"height":59,"caption":"Riad le Calife "},"image":{"@id":"https:\/\/riadlecalife.com\/fr\/#\/schema\/logo\/image\/"}}]}},"_links":{"self":[{"href":"https:\/\/riadlecalife.com\/fr\/wp-json\/wp\/v2\/pages\/213"}],"collection":[{"href":"https:\/\/riadlecalife.com\/fr\/wp-json\/wp\/v2\/pages"}],"about":[{"href":"https:\/\/riadlecalife.com\/fr\/wp-json\/wp\/v2\/types\/page"}],"author":[{"embeddable":true,"href":"https:\/\/riadlecalife.com\/fr\/wp-json\/wp\/v2\/users\/2"}],"replies":[{"embeddable":true,"href":"https:\/\/riadlecalife.com\/fr\/wp-json\/wp\/v2\/comments?post=213"}],"version-history":[{"count":14,"href":"https:\/\/riadlecalife.com\/fr\/wp-json\/wp\/v2\/pages\/213\/revisions"}],"predecessor-version":[{"id":794,"href":"https:\/\/riadlecalife.com\/fr\/wp-json\/wp\/v2\/pages\/213\/revisions\/794"}],"up":[{"embeddable":true,"href":"https:\/\/riadlecalife.com\/fr\/wp-json\/wp\/v2\/pages\/15"}],"wp:attachment":[{"href":"https:\/\/riadlecalife.com\/fr\/wp-json\/wp\/v2\/media?parent=213"}],"curies":[{"name":"wp","href":"https:\/\/api.w.org\/{rel}","templated":true}]}}