{"id":8,"date":"2023-01-10T14:35:03","date_gmt":"2023-01-10T13:35:03","guid":{"rendered":"https:\/\/preprod.riadlecalife.com\/fr\/?page_id=8"},"modified":"2023-07-27T16:15:51","modified_gmt":"2023-07-27T14:15:51","slug":"acces","status":"publish","type":"page","link":"https:\/\/riadlecalife.com\/fr\/acces\/","title":{"rendered":"Acc\u00e8s"},"content":{"rendered":"<div class=\"language\">\n  <a class=\"lang\" href=\"\/access\/\">EN<\/a><br \/>\n  <a class=\"lang\" href=\"\/fr\/acces\/\">FR<\/a>\n<\/div>\n<div class=\"fist-cont contain\" style=\"display:block; max-width: 800px!important;\">\n<h1 class=\"bungee-access\" style=\"color: #fff; text-align: center; font-family: 'Bungee Shade'; text-transform: uppercase; font-weight: 300; letter-spacing: .3rem; line-height: 1.5;\">Acc\u00e8s au Riad le Calife<\/h1>\n<hr style=\"background-color: #af8636; width: 10%; margin-left: auto; margin-right: auto; border: 1px solid #af8636;\">\n<p style=\"margin-bottom: 1em; text-align: center; color: #af8636;\">Riad Le Calife profite d\u2019une localisation unique pour votre s\u00e9jour au C\u0153ur de la M\u00e9dina de Fez !<\/p>\n<h6 style=\"color: #fff; text-align: center;\"> \u275dSuivez vos r\u00eaves, ils connaissent le chemin &#8230;\u275e<\/h6>\n<\/p><\/div>\n<div class=\"container\">\n<div class=\"carts\">\n<div class=\"maps\">\n        <iframe src=\"https:\/\/www.google.com\/maps\/embed?pb=!1m14!1m8!1m3!1d10212.751315839763!2d-4.971031161445358!3d34.06016289999079!3m2!1i1024!2i768!4f13.1!3m3!1m2!1s0xd9ff35130fd32f1%3A0x64342f01525925a0!2sRiad%20Le%20Calife!5e0!3m2!1sfr!2sma!4v1675696601473!5m2!1sfr!2sma\" width=\"820\" height=\"350\" style=\"border:0; height: 475px\" allowfullscreen=\"\" loading=\"lazy\" referrerpolicy=\"no-referrer-when-downgrade\"><\/iframe>\n    <\/div>\n<div class=\"text\">\n<div class=\"content\">\n<div style=\"display: flex; flex-direction: row; justify-content: center; margin-bottom: 7px;\"><img decoding=\"async\" src=\"https:\/\/riadlecalife.com\/fr\/wp-content\/uploads\/sites\/2\/2023\/06\/loc.webp\" alt=\"Rcif\" class=\"icone\"> <\/div>\n<p class=\"txt\" style=\"margin-bottom: -15px\">L\u2019h\u00f4tel est situ\u00e9 \u00e0 seulement 3 minutes \u00e0 pied de la fameuse place R&rsquo;CIF, principale porte d&rsquo;entr\u00e9e du centre historique de la M\u00e9dina.<\/p>\n<\/p><\/div>\n<div class=\"content\">\n<div style=\"display: flex; flex-direction: row; justify-content: center; margin-bottom: 7px;\"><img decoding=\"async\" src=\"https:\/\/riadlecalife.com\/fr\/wp-content\/uploads\/sites\/2\/2023\/06\/train2-1.webp\" alt=\"train le calife\" class=\"icone\"> <\/div>\n<p class=\"txt\" style=\"margin-bottom: -15px\">3km de la gare (pour une prise en charge nous consulter).<\/p>\n<\/p><\/div>\n<div class=\"content\" style=\"margin: 0 20px;\">\n<div style=\"display: flex; flex-direction: row; justify-content: center; margin-bottom: 7px;\"><img decoding=\"async\" src=\"https:\/\/riadlecalife.com\/fr\/wp-content\/uploads\/sites\/2\/2023\/06\/airplane.webp\" alt=\"Acc\u00e8s Riad le Calife Services de proximit\u00e9\" class=\"icone\"><\/div>\n<p class=\"txt\" style=\"margin-bottom: -15px\">20 minutes de l&rsquo;A\u00e9roport International F\u00e8s Sa\u00efss (pour une prise en charge nous consulter).<\/p>\n<\/p><\/div>\n<div class=\"content\">\n<div style=\"display: flex; flex-direction: row; justify-content: center; margin-bottom: 7px;\"><img decoding=\"async\" src=\"https:\/\/riadlecalife.com\/fr\/wp-content\/uploads\/sites\/2\/2023\/06\/car.webp\" alt=\"Acc\u00e8s Riad le Calife  a\u00e9roport le calife\" class=\"icone\"> <img decoding=\"async\" src=\"https:\/\/riadlecalife.com\/fr\/wp-content\/uploads\/sites\/2\/2023\/06\/atm2.webp\" alt=\"Acc\u00e8s Riad le Calife \n a\u00e9roport le calife\" class=\"icone\"><img decoding=\"async\" src=\"https:\/\/riadlecalife.com\/fr\/wp-content\/uploads\/sites\/2\/2023\/06\/shop.webp\" alt=\"Acc\u00e8s Riad le Calife \" class=\"icone\"> <img decoding=\"async\" src=\"https:\/\/riadlecalife.com\/fr\/wp-content\/uploads\/sites\/2\/2023\/06\/pharma.webp\" alt=\"Acc\u00e8s Riad le Calife \" class=\"icone\"> <\/div>\n<p class=\"txt\" style=\"margin-bottom: -15px\">Pr\u00e8s de l\u2019h\u00f4tel, vous trouverez tous les services de proximit\u00e9.<\/p>\n<\/p><\/div>\n<\/p><\/div>\n<\/div>\n<\/div>\n","protected":false},"excerpt":{"rendered":"<p>EN FR Acc\u00e8s au Riad le Calife Riad Le Calife profite d\u2019une localisation unique pour votre s\u00e9jour au C\u0153ur de la M\u00e9dina de Fez ! \u275dSuivez vos r\u00eaves, ils connaissent le chemin &#8230;\u275e L\u2019h\u00f4tel est situ\u00e9 \u00e0 seulement 3 minutes \u00e0 pied de la fameuse place R&rsquo;CIF, principale porte d&rsquo;entr\u00e9e du centre historique de la &hellip;<\/p>\n<p class=\"read-more\"> <a class=\"\" href=\"https:\/\/riadlecalife.com\/fr\/acces\/\"> <span class=\"screen-reader-text\">Acc\u00e8s<\/span> Lire la suite\u00a0\u00bb<\/a><\/p>\n","protected":false},"author":2,"featured_media":767,"parent":0,"menu_order":0,"comment_status":"closed","ping_status":"closed","template":"","meta":{"site-sidebar-layout":"default","site-content-layout":"default","ast-global-header-display":"","ast-main-header-display":"","ast-hfb-above-header-display":"","ast-hfb-below-header-display":"","ast-hfb-mobile-header-display":"","site-post-title":"disabled","ast-breadcrumbs-content":"","ast-featured-img":"disabled","footer-sml-layout":"","theme-transparent-header-meta":"default","adv-header-id-meta":"","stick-header-meta":"","header-above-stick-meta":"","header-main-stick-meta":"","header-below-stick-meta":""},"yoast_head":"<!-- This site is optimized with the Yoast SEO plugin v20.12 - https:\/\/yoast.com\/wordpress\/plugins\/seo\/ -->\n<title>Acc\u00e8s - Riad le Calife Hotel Fes Medina<\/title>\n<meta name=\"description\" content=\"L&#039;h\u00f4tel Riad le Calife est tr\u00e8s facile d&#039;acc\u00e8s, tout est \u00e0 proximit\u00e9 de la destination : la gare, l&#039;a\u00e9roport, le c\u00e9l\u00e8bre R&#039;CIF...\" \/>\n<meta name=\"robots\" content=\"index, follow, max-snippet:-1, max-image-preview:large, max-video-preview:-1\" \/>\n<link rel=\"canonical\" href=\"https:\/\/riadlecalife.com\/fr\/acces\/\" \/>\n<meta property=\"og:locale\" content=\"fr_FR\" \/>\n<meta property=\"og:type\" content=\"article\" \/>\n<meta property=\"og:title\" content=\"Acc\u00e8s - Riad le Calife Hotel Fes Medina\" \/>\n<meta property=\"og:description\" content=\"L&#039;h\u00f4tel Riad le Calife est tr\u00e8s facile d&#039;acc\u00e8s, tout est \u00e0 proximit\u00e9 de la destination : la gare, l&#039;a\u00e9roport, le c\u00e9l\u00e8bre R&#039;CIF...\" \/>\n<meta property=\"og:url\" content=\"https:\/\/riadlecalife.com\/fr\/acces\/\" \/>\n<meta property=\"og:site_name\" content=\"Riad le Calife\" \/>\n<meta property=\"article:modified_time\" content=\"2023-07-27T14:15:51+00:00\" \/>\n<meta property=\"og:image\" content=\"https:\/\/riadlecalife.com\/fr\/wp-content\/uploads\/sites\/2\/2023\/07\/logo-riad-le-calife-1.webp\" \/>\n\t<meta property=\"og:image:width\" content=\"1000\" \/>\n\t<meta property=\"og:image:height\" content=\"1000\" \/>\n\t<meta property=\"og:image:type\" content=\"image\/webp\" \/>\n<meta name=\"twitter:card\" content=\"summary_large_image\" \/>\n<meta name=\"twitter:label1\" content=\"Dur\u00e9e de lecture estim\u00e9e\" \/>\n\t<meta name=\"twitter:data1\" content=\"2 minutes\" \/>\n<script type=\"application\/ld+json\" class=\"yoast-schema-graph\">{\"@context\":\"https:\/\/schema.org\",\"@graph\":[{\"@type\":\"WebPage\",\"@id\":\"https:\/\/riadlecalife.com\/fr\/acces\/\",\"url\":\"https:\/\/riadlecalife.com\/fr\/acces\/\",\"name\":\"Acc\u00e8s - Riad le Calife Hotel Fes Medina\",\"isPartOf\":{\"@id\":\"https:\/\/riadlecalife.com\/fr\/#website\"},\"datePublished\":\"2023-01-10T13:35:03+00:00\",\"dateModified\":\"2023-07-27T14:15:51+00:00\",\"description\":\"L'h\u00f4tel Riad le Calife est tr\u00e8s facile d'acc\u00e8s, tout est \u00e0 proximit\u00e9 de la destination : la gare, l'a\u00e9roport, le c\u00e9l\u00e8bre R'CIF...\",\"breadcrumb\":{\"@id\":\"https:\/\/riadlecalife.com\/fr\/acces\/#breadcrumb\"},\"inLanguage\":\"fr-FR\",\"potentialAction\":[{\"@type\":\"ReadAction\",\"target\":[\"https:\/\/riadlecalife.com\/fr\/acces\/\"]}]},{\"@type\":\"BreadcrumbList\",\"@id\":\"https:\/\/riadlecalife.com\/fr\/acces\/#breadcrumb\",\"itemListElement\":[{\"@type\":\"ListItem\",\"position\":1,\"name\":\"Accueil\",\"item\":\"https:\/\/riadlecalife.com\/fr\/\"},{\"@type\":\"ListItem\",\"position\":2,\"name\":\"Acc\u00e8s\"}]},{\"@type\":\"WebSite\",\"@id\":\"https:\/\/riadlecalife.com\/fr\/#website\",\"url\":\"https:\/\/riadlecalife.com\/fr\/\",\"name\":\"Riad le Calife\",\"description\":\"\",\"publisher\":{\"@id\":\"https:\/\/riadlecalife.com\/fr\/#organization\"},\"potentialAction\":[{\"@type\":\"SearchAction\",\"target\":{\"@type\":\"EntryPoint\",\"urlTemplate\":\"https:\/\/riadlecalife.com\/fr\/?s={search_term_string}\"},\"query-input\":\"required name=search_term_string\"}],\"inLanguage\":\"fr-FR\"},{\"@type\":\"Organization\",\"@id\":\"https:\/\/riadlecalife.com\/fr\/#organization\",\"name\":\"Riad le Calife\",\"url\":\"https:\/\/riadlecalife.com\/fr\/\",\"logo\":{\"@type\":\"ImageObject\",\"inLanguage\":\"fr-FR\",\"@id\":\"https:\/\/riadlecalife.com\/fr\/#\/schema\/logo\/image\/\",\"url\":\"https:\/\/riadlecalife.com\/fr\/wp-content\/uploads\/sites\/2\/2023\/01\/cropped-logo-riad-le-calife-1.webp\",\"contentUrl\":\"https:\/\/riadlecalife.com\/fr\/wp-content\/uploads\/sites\/2\/2023\/01\/cropped-logo-riad-le-calife-1.webp\",\"width\":278,\"height\":59,\"caption\":\"Riad le Calife \"},\"image\":{\"@id\":\"https:\/\/riadlecalife.com\/fr\/#\/schema\/logo\/image\/\"}}]}<\/script>\n<!-- \/ Yoast SEO plugin. -->","yoast_head_json":{"title":"Acc\u00e8s - Riad le Calife Hotel Fes Medina","description":"L'h\u00f4tel Riad le Calife est tr\u00e8s facile d'acc\u00e8s, tout est \u00e0 proximit\u00e9 de la destination : la gare, l'a\u00e9roport, le c\u00e9l\u00e8bre R'CIF...","robots":{"index":"index","follow":"follow","max-snippet":"max-snippet:-1","max-image-preview":"max-image-preview:large","max-video-preview":"max-video-preview:-1"},"canonical":"https:\/\/riadlecalife.com\/fr\/acces\/","og_locale":"fr_FR","og_type":"article","og_title":"Acc\u00e8s - Riad le Calife Hotel Fes Medina","og_description":"L'h\u00f4tel Riad le Calife est tr\u00e8s facile d'acc\u00e8s, tout est \u00e0 proximit\u00e9 de la destination : la gare, l'a\u00e9roport, le c\u00e9l\u00e8bre R'CIF...","og_url":"https:\/\/riadlecalife.com\/fr\/acces\/","og_site_name":"Riad le Calife","article_modified_time":"2023-07-27T14:15:51+00:00","og_image":[{"width":1000,"height":1000,"url":"https:\/\/riadlecalife.com\/fr\/wp-content\/uploads\/sites\/2\/2023\/07\/logo-riad-le-calife-1.webp","type":"image\/webp"}],"twitter_card":"summary_large_image","twitter_misc":{"Dur\u00e9e de lecture estim\u00e9e":"2 minutes"},"schema":{"@context":"https:\/\/schema.org","@graph":[{"@type":"WebPage","@id":"https:\/\/riadlecalife.com\/fr\/acces\/","url":"https:\/\/riadlecalife.com\/fr\/acces\/","name":"Acc\u00e8s - Riad le Calife Hotel Fes Medina","isPartOf":{"@id":"https:\/\/riadlecalife.com\/fr\/#website"},"datePublished":"2023-01-10T13:35:03+00:00","dateModified":"2023-07-27T14:15:51+00:00","description":"L'h\u00f4tel Riad le Calife est tr\u00e8s facile d'acc\u00e8s, tout est \u00e0 proximit\u00e9 de la destination : la gare, l'a\u00e9roport, le c\u00e9l\u00e8bre R'CIF...","breadcrumb":{"@id":"https:\/\/riadlecalife.com\/fr\/acces\/#breadcrumb"},"inLanguage":"fr-FR","potentialAction":[{"@type":"ReadAction","target":["https:\/\/riadlecalife.com\/fr\/acces\/"]}]},{"@type":"BreadcrumbList","@id":"https:\/\/riadlecalife.com\/fr\/acces\/#breadcrumb","itemListElement":[{"@type":"ListItem","position":1,"name":"Accueil","item":"https:\/\/riadlecalife.com\/fr\/"},{"@type":"ListItem","position":2,"name":"Acc\u00e8s"}]},{"@type":"WebSite","@id":"https:\/\/riadlecalife.com\/fr\/#website","url":"https:\/\/riadlecalife.com\/fr\/","name":"Riad le Calife","description":"","publisher":{"@id":"https:\/\/riadlecalife.com\/fr\/#organization"},"potentialAction":[{"@type":"SearchAction","target":{"@type":"EntryPoint","urlTemplate":"https:\/\/riadlecalife.com\/fr\/?s={search_term_string}"},"query-input":"required name=search_term_string"}],"inLanguage":"fr-FR"},{"@type":"Organization","@id":"https:\/\/riadlecalife.com\/fr\/#organization","name":"Riad le Calife","url":"https:\/\/riadlecalife.com\/fr\/","logo":{"@type":"ImageObject","inLanguage":"fr-FR","@id":"https:\/\/riadlecalife.com\/fr\/#\/schema\/logo\/image\/","url":"https:\/\/riadlecalife.com\/fr\/wp-content\/uploads\/sites\/2\/2023\/01\/cropped-logo-riad-le-calife-1.webp","contentUrl":"https:\/\/riadlecalife.com\/fr\/wp-content\/uploads\/sites\/2\/2023\/01\/cropped-logo-riad-le-calife-1.webp","width":278,"height":59,"caption":"Riad le Calife "},"image":{"@id":"https:\/\/riadlecalife.com\/fr\/#\/schema\/logo\/image\/"}}]}},"_links":{"self":[{"href":"https:\/\/riadlecalife.com\/fr\/wp-json\/wp\/v2\/pages\/8"}],"collection":[{"href":"https:\/\/riadlecalife.com\/fr\/wp-json\/wp\/v2\/pages"}],"about":[{"href":"https:\/\/riadlecalife.com\/fr\/wp-json\/wp\/v2\/types\/page"}],"author":[{"embeddable":true,"href":"https:\/\/riadlecalife.com\/fr\/wp-json\/wp\/v2\/users\/2"}],"replies":[{"embeddable":true,"href":"https:\/\/riadlecalife.com\/fr\/wp-json\/wp\/v2\/comments?post=8"}],"version-history":[{"count":18,"href":"https:\/\/riadlecalife.com\/fr\/wp-json\/wp\/v2\/pages\/8\/revisions"}],"predecessor-version":[{"id":781,"href":"https:\/\/riadlecalife.com\/fr\/wp-json\/wp\/v2\/pages\/8\/revisions\/781"}],"wp:featuredmedia":[{"embeddable":true,"href":"https:\/\/riadlecalife.com\/fr\/wp-json\/wp\/v2\/media\/767"}],"wp:attachment":[{"href":"https:\/\/riadlecalife.com\/fr\/wp-json\/wp\/v2\/media?parent=8"}],"curies":[{"name":"wp","href":"https:\/\/api.w.org\/{rel}","templated":true}]}}